{"id":7989,"date":"2020-03-20T09:24:41","date_gmt":"2020-03-20T08:24:41","guid":{"rendered":"http:\/\/www.ars-pohlheim.net\/?page_id=7989"},"modified":"2020-03-26T08:34:27","modified_gmt":"2020-03-26T07:34:27","slug":"meeresaquarium-der-ars","status":"publish","type":"page","link":"https:\/\/www.ars-pohlheim.net\/?page_id=7989","title":{"rendered":"Meeresaquarium der ARS"},"content":{"rendered":"<p>In den Sommerferien 2018 wurde in der Adolf-Reichwein-Schule &nbsp;ein Meeresaquarium mit einem Fassungsverm\u00f6gen von 420 l &nbsp;eingerichtet. Dazu kam noch ein Technikbecken mit 300 l Fassungsverm\u00f6gen.<\/p>\n<figure id=\"attachment_7991\" aria-describedby=\"caption-attachment-7991\" style=\"width: 300px\" class=\"wp-caption alignright\"><a href=\"http:\/\/www.ars-pohlheim.net\/wp-content\/uploads\/2020\/03\/B02FAD1D-7109-4820-80FB-E18BFB131FA2.jpeg\"><img loading=\"lazy\" class=\"size-medium wp-image-7991\" src=\"http:\/\/www.ars-pohlheim.net\/wp-content\/uploads\/2020\/03\/B02FAD1D-7109-4820-80FB-E18BFB131FA2-300x225.jpeg\" alt=\"\" width=\"300\" height=\"225\" srcset=\"https:\/\/www.ars-pohlheim.net\/wp-content\/uploads\/2020\/03\/B02FAD1D-7109-4820-80FB-E18BFB131FA2-300x225.jpeg 300w, https:\/\/www.ars-pohlheim.net\/wp-content\/uploads\/2020\/03\/B02FAD1D-7109-4820-80FB-E18BFB131FA2-768x576.jpeg 768w, https:\/\/www.ars-pohlheim.net\/wp-content\/uploads\/2020\/03\/B02FAD1D-7109-4820-80FB-E18BFB131FA2-1024x768.jpeg 1024w\" sizes=\"(max-width: 300px) 100vw, 300px\" \/><\/a><figcaption id=\"caption-attachment-7991\" class=\"wp-caption-text\">Meeresaquarium ARS neben dem Eingang des Sekretariat<\/figcaption><\/figure>\n<p>Zu dem Aquarium wurden zwei Clownfische ein paar Pflanzen so wie auch &nbsp;Gesteine besorgt. Dies kam durch einen Vorschlag von Herrn Schneider zustande. Am Ende der Sommerferien war die Begeisterung gro\u00df. Zwei Sch\u00fclerinnen aus der damaligen 6. Klasse, M. Schwarzer und S. Stefanski, erkl\u00e4rten sich sofort sich um die Pflege des Aquariums zu k\u00fcmmern. Sp\u00e4ter stie\u00df dann noch&nbsp;L. Kunzmann, ebenfalls aus der 6.Klasse hinzu. Zusammen mit Herrn Schneider bauten sie das jetzige Aquarium auf. Im Laufe von zwei Jahren bekamen wir viele neue Tiere, wie z.B.: ein Doktorfisch, zwei K\u00f6nigsgarnelen, Einsiedlerkrebse usw.<\/p>\n<p>Im Jahr 2019 verlie\u00df M.Schwarzer das Aquariumteam. L.Kunzmann und S. Stefanski blieben im Team und spenden weiterhin ihre Pausen und ggf. ihre freien Tage f\u00fcr uns Aquarium.<\/p>\n<figure id=\"attachment_7992\" aria-describedby=\"caption-attachment-7992\" style=\"width: 474px\" class=\"wp-caption aligncenter\"><a href=\"http:\/\/www.ars-pohlheim.net\/wp-content\/uploads\/2020\/03\/B8573838-2286-4783-AF4E-F661E454392F.jpeg\"><img loading=\"lazy\" class=\"size-large wp-image-7992\" src=\"http:\/\/www.ars-pohlheim.net\/wp-content\/uploads\/2020\/03\/B8573838-2286-4783-AF4E-F661E454392F-1024x768.jpeg\" alt=\"\" width=\"474\" height=\"356\" srcset=\"https:\/\/www.ars-pohlheim.net\/wp-content\/uploads\/2020\/03\/B8573838-2286-4783-AF4E-F661E454392F-1024x768.jpeg 1024w, https:\/\/www.ars-pohlheim.net\/wp-content\/uploads\/2020\/03\/B8573838-2286-4783-AF4E-F661E454392F-300x225.jpeg 300w, https:\/\/www.ars-pohlheim.net\/wp-content\/uploads\/2020\/03\/B8573838-2286-4783-AF4E-F661E454392F-768x576.jpeg 768w\" sizes=\"(max-width: 474px) 100vw, 474px\" \/><\/a><figcaption id=\"caption-attachment-7992\" class=\"wp-caption-text\">Meeresaquarium der ARS<\/figcaption><\/figure>\n","protected":false},"excerpt":{"rendered":"<p>In den Sommerferien 2018 wurde in der Adolf-Reichwein-Schule &nbsp;ein Meeresaquarium mit einem Fassungsverm\u00f6gen von 420 l &nbsp;eingerichtet. Dazu kam noch ein Technikbecken mit 300 l Fassungsverm\u00f6gen. Zu dem Aquarium wurden zwei Clownfische ein paar Pflanzen so wie auch &nbsp;Gesteine besorgt. Dies kam durch einen Vorschlag von Herrn Schneider zustande. Am Ende der Sommerferien war die &hellip; <a href=\"https:\/\/www.ars-pohlheim.net\/?page_id=7989\" class=\"more-link\"><span class=\"screen-reader-text\">Meeresaquarium der ARS<\/span> weiterlesen <span class=\"meta-nav\">&rarr;<\/span><\/a><\/p>\n","protected":false},"author":1,"featured_media":0,"parent":87,"menu_order":0,"comment_status":"closed","ping_status":"closed","template":"","meta":{"ngg_post_thumbnail":0},"_links":{"self":[{"href":"https:\/\/www.ars-pohlheim.net\/index.php?rest_route=\/wp\/v2\/pages\/7989"}],"collection":[{"href":"https:\/\/www.ars-pohlheim.net\/index.php?rest_route=\/wp\/v2\/pages"}],"about":[{"href":"https:\/\/www.ars-pohlheim.net\/index.php?rest_route=\/wp\/v2\/types\/page"}],"author":[{"embeddable":true,"href":"https:\/\/www.ars-pohlheim.net\/index.php?rest_route=\/wp\/v2\/users\/1"}],"replies":[{"embeddable":true,"href":"https:\/\/www.ars-pohlheim.net\/index.php?rest_route=%2Fwp%2Fv2%2Fcomments&post=7989"}],"version-history":[{"count":2,"href":"https:\/\/www.ars-pohlheim.net\/index.php?rest_route=\/wp\/v2\/pages\/7989\/revisions"}],"predecessor-version":[{"id":7993,"href":"https:\/\/www.ars-pohlheim.net\/index.php?rest_route=\/wp\/v2\/pages\/7989\/revisions\/7993"}],"up":[{"embeddable":true,"href":"https:\/\/www.ars-pohlheim.net\/index.php?rest_route=\/wp\/v2\/pages\/87"}],"wp:attachment":[{"href":"https:\/\/www.ars-pohlheim.net\/index.php?rest_route=%2Fwp%2Fv2%2Fmedia&parent=7989"}],"curies":[{"name":"wp","href":"https:\/\/api.w.org\/{rel}","templated":true}]}}