{"id":493,"date":"2013-08-18T07:06:32","date_gmt":"2013-08-18T05:06:32","guid":{"rendered":"http:\/\/www.ars-pohlheim.net\/?page_id=493"},"modified":"2020-08-09T19:55:11","modified_gmt":"2020-08-09T17:55:11","slug":"wir-sind-eine-igs-2","status":"publish","type":"page","link":"https:\/\/www.ars-pohlheim.net\/?page_id=493","title":{"rendered":"Wir sind eine IGS"},"content":{"rendered":"<p><strong>Die Adolf-Reichwein-Schule in Pohlheim ist eine&nbsp; schulform\u00fcbergreifende, integrierte Gesamtschule.<br \/>\n<\/strong><br \/>\nZur Zeit wird unsere Schule von 630 Sch\u00fclerinnen und Sch\u00fclern besucht, die aus den Stadtteilen Pohlheims, aus Langg\u00f6ns, Linden, Leihgestern und auch aus der Stadt Gie\u00dfen kommen.<\/p>\n<h6><span style=\"font-size: 1em;\">Schule hei\u00dft f\u00fcr uns:<\/span><\/h6>\n<ul>\n<li>Junge Menschen in ihrer Verschiedenheit annehmen<\/li>\n<li>Werte und Kompetenzen vermitteln<\/li>\n<li>Zukunftsorientiert Lernen mit Kopf, Herz und Hand<\/li>\n<li>Leistungsbereitschaft entwickeln und einfordern<\/li>\n<li>Raum geben f\u00fcr die Entfaltung von St\u00e4rken, Kreativit\u00e4t und Teamgeist<\/li>\n<\/ul>\n<h6><strong>Menschen f\u00f6rdern und fordern &#8211; statt Menschen aussortieren!<\/strong><\/h6>\n<p>Die grunds\u00e4tzliche Zielsetzung einer Integrierten Gesamtschule ist die individuelle Wahrnehmung eines jeden Kindes. Sitzenbleiben und Zwangsversetzung &#8211;&nbsp; so etwas gibt es bei uns nicht!<\/p>\n<p>Wir erreichen das Ziel einer qualifizierten Schulbildung ohne Aussortieren! Insbesondere in den Jahrg\u00e4ngen 5 und 6 stellen wir uns auf die Verschiedenheit der Kinder durch eine stark differenzierte Unterrichtsweise und ein umfangreiches F\u00f6rderangebot ein.<\/p>\n<p>Sp\u00e4ter haben unsere Sch\u00fclerinnen und Sch\u00fcler die M\u00f6glichkeit, den Unterricht auf verschiedenen Kursniveaus zu besuchen. So gelingt es uns auch, dass viele unserer Sch\u00fclerinnen und Sch\u00fcler die Qualifikation f\u00fcr den \u00dcbergang in die Gymnasiale Oberstufe erreichen und dort erfolgreich das Abitur ablegen.<\/p>\n<p>Die Gesamtschule Gie\u00dfen-Ost gibt f\u00fcr die \u00dcberg\u00e4nger der ARS in die Gymnasiale Oberstufe grunds\u00e4tzlich eine Aufnahmegarantie.<\/p>\n<p>Unser Konzept und unsere Arbeit \u00fcberzeugten viele Eltern. Unsere Sch\u00fclerzahlen sind seit vielen Jahren konstant.<br \/>\nDieser enorme Vertrauensbeweis ist uns Anerkennung und Verpflichtung zu anspruchsvoller Unterrichts- und Erziehungsarbeit zugleich.<\/p>\n","protected":false},"excerpt":{"rendered":"<p>Die Adolf-Reichwein-Schule in Pohlheim ist eine&nbsp; schulform\u00fcbergreifende, integrierte Gesamtschule. Zur Zeit wird unsere Schule von 630 Sch\u00fclerinnen und Sch\u00fclern besucht, die aus den Stadtteilen Pohlheims, aus Langg\u00f6ns, Linden, Leihgestern und auch aus der Stadt Gie\u00dfen kommen. Schule hei\u00dft f\u00fcr uns: Junge Menschen in ihrer Verschiedenheit annehmen Werte und Kompetenzen vermitteln Zukunftsorientiert Lernen mit Kopf, Herz &hellip; <a href=\"https:\/\/www.ars-pohlheim.net\/?page_id=493\" class=\"more-link\"><span class=\"screen-reader-text\">Wir sind eine IGS<\/span> weiterlesen <span class=\"meta-nav\">&rarr;<\/span><\/a><\/p>\n","protected":false},"author":1,"featured_media":0,"parent":0,"menu_order":0,"comment_status":"open","ping_status":"open","template":"","meta":{"ngg_post_thumbnail":0},"_links":{"self":[{"href":"https:\/\/www.ars-pohlheim.net\/index.php?rest_route=\/wp\/v2\/pages\/493"}],"collection":[{"href":"https:\/\/www.ars-pohlheim.net\/index.php?rest_route=\/wp\/v2\/pages"}],"about":[{"href":"https:\/\/www.ars-pohlheim.net\/index.php?rest_route=\/wp\/v2\/types\/page"}],"author":[{"embeddable":true,"href":"https:\/\/www.ars-pohlheim.net\/index.php?rest_route=\/wp\/v2\/users\/1"}],"replies":[{"embeddable":true,"href":"https:\/\/www.ars-pohlheim.net\/index.php?rest_route=%2Fwp%2Fv2%2Fcomments&post=493"}],"version-history":[{"count":16,"href":"https:\/\/www.ars-pohlheim.net\/index.php?rest_route=\/wp\/v2\/pages\/493\/revisions"}],"predecessor-version":[{"id":8677,"href":"https:\/\/www.ars-pohlheim.net\/index.php?rest_route=\/wp\/v2\/pages\/493\/revisions\/8677"}],"wp:attachment":[{"href":"https:\/\/www.ars-pohlheim.net\/index.php?rest_route=%2Fwp%2Fv2%2Fmedia&parent=493"}],"curies":[{"name":"wp","href":"https:\/\/api.w.org\/{rel}","templated":true}]}}