{"id":300,"date":"2013-08-12T15:58:01","date_gmt":"2013-08-12T13:58:01","guid":{"rendered":"http:\/\/www.ars-pohlheim.net\/?page_id=300"},"modified":"2026-04-12T23:02:54","modified_gmt":"2026-04-12T21:02:54","slug":"mensa-speiseplan","status":"publish","type":"page","link":"https:\/\/www.ars-pohlheim.net\/?page_id=300","title":{"rendered":"Mittagsverpflegung"},"content":{"rendered":"\n<p class=\"has-text-align-left\"><strong>Cafeteria Tim Sch\u00e4fer<\/strong><\/p>\n\n\n\n<p><strong>Speisepl\u00e4ne der n\u00e4chsten Wochen <\/strong><\/p>\n\n\n\n<figure class=\"wp-block-image size-large\"><a href=\"https:\/\/www.ars-pohlheim.net\/wp-content\/uploads\/2026\/04\/KW-16.png\"><img loading=\"lazy\" width=\"1024\" height=\"724\" src=\"https:\/\/www.ars-pohlheim.net\/wp-content\/uploads\/2026\/04\/KW-16-1024x724.png\" alt=\"\" class=\"wp-image-12505\" srcset=\"https:\/\/www.ars-pohlheim.net\/wp-content\/uploads\/2026\/04\/KW-16-1024x724.png 1024w, https:\/\/www.ars-pohlheim.net\/wp-content\/uploads\/2026\/04\/KW-16-300x212.png 300w, https:\/\/www.ars-pohlheim.net\/wp-content\/uploads\/2026\/04\/KW-16-768x543.png 768w, https:\/\/www.ars-pohlheim.net\/wp-content\/uploads\/2026\/04\/KW-16-1536x1085.png 1536w, https:\/\/www.ars-pohlheim.net\/wp-content\/uploads\/2026\/04\/KW-16.png 1834w\" sizes=\"(max-width: 1024px) 100vw, 1024px\" \/><\/a><\/figure>\n\n\n\n<figure class=\"wp-block-image size-large\"><a href=\"https:\/\/www.ars-pohlheim.net\/wp-content\/uploads\/2026\/04\/KW-17.png\"><img loading=\"lazy\" width=\"1024\" height=\"720\" src=\"https:\/\/www.ars-pohlheim.net\/wp-content\/uploads\/2026\/04\/KW-17-1024x720.png\" alt=\"\" class=\"wp-image-12507\" srcset=\"https:\/\/www.ars-pohlheim.net\/wp-content\/uploads\/2026\/04\/KW-17-1024x720.png 1024w, https:\/\/www.ars-pohlheim.net\/wp-content\/uploads\/2026\/04\/KW-17-300x211.png 300w, https:\/\/www.ars-pohlheim.net\/wp-content\/uploads\/2026\/04\/KW-17-768x540.png 768w, https:\/\/www.ars-pohlheim.net\/wp-content\/uploads\/2026\/04\/KW-17-1536x1080.png 1536w, https:\/\/www.ars-pohlheim.net\/wp-content\/uploads\/2026\/04\/KW-17.png 1838w\" sizes=\"(max-width: 1024px) 100vw, 1024px\" \/><\/a><\/figure>\n\n\n\n<figure class=\"wp-block-image size-large\"><a href=\"https:\/\/www.ars-pohlheim.net\/wp-content\/uploads\/2026\/04\/KW-18.png\"><img loading=\"lazy\" width=\"1024\" height=\"727\" src=\"https:\/\/www.ars-pohlheim.net\/wp-content\/uploads\/2026\/04\/KW-18-1024x727.png\" alt=\"\" class=\"wp-image-12508\" srcset=\"https:\/\/www.ars-pohlheim.net\/wp-content\/uploads\/2026\/04\/KW-18-1024x727.png 1024w, https:\/\/www.ars-pohlheim.net\/wp-content\/uploads\/2026\/04\/KW-18-300x213.png 300w, https:\/\/www.ars-pohlheim.net\/wp-content\/uploads\/2026\/04\/KW-18-768x546.png 768w, https:\/\/www.ars-pohlheim.net\/wp-content\/uploads\/2026\/04\/KW-18-1536x1091.png 1536w, https:\/\/www.ars-pohlheim.net\/wp-content\/uploads\/2026\/04\/KW-18.png 1830w\" sizes=\"(max-width: 1024px) 100vw, 1024px\" \/><\/a><\/figure>\n\n\n\n<figure class=\"wp-block-image size-large\"><a href=\"https:\/\/www.ars-pohlheim.net\/wp-content\/uploads\/2026\/04\/KW-19.png\"><img loading=\"lazy\" width=\"1024\" height=\"722\" src=\"https:\/\/www.ars-pohlheim.net\/wp-content\/uploads\/2026\/04\/KW-19-1024x722.png\" alt=\"\" class=\"wp-image-12509\" srcset=\"https:\/\/www.ars-pohlheim.net\/wp-content\/uploads\/2026\/04\/KW-19-1024x722.png 1024w, https:\/\/www.ars-pohlheim.net\/wp-content\/uploads\/2026\/04\/KW-19-300x212.png 300w, https:\/\/www.ars-pohlheim.net\/wp-content\/uploads\/2026\/04\/KW-19-768x542.png 768w, https:\/\/www.ars-pohlheim.net\/wp-content\/uploads\/2026\/04\/KW-19-1536x1084.png 1536w, https:\/\/www.ars-pohlheim.net\/wp-content\/uploads\/2026\/04\/KW-19.png 1834w\" sizes=\"(max-width: 1024px) 100vw, 1024px\" \/><\/a><\/figure>\n","protected":false},"excerpt":{"rendered":"<p>Cafeteria Tim Sch\u00e4fer Speisepl\u00e4ne der n\u00e4chsten Wochen<\/p>\n","protected":false},"author":1,"featured_media":0,"parent":0,"menu_order":0,"comment_status":"open","ping_status":"open","template":"","meta":{"ngg_post_thumbnail":0},"_links":{"self":[{"href":"https:\/\/www.ars-pohlheim.net\/index.php?rest_route=\/wp\/v2\/pages\/300"}],"collection":[{"href":"https:\/\/www.ars-pohlheim.net\/index.php?rest_route=\/wp\/v2\/pages"}],"about":[{"href":"https:\/\/www.ars-pohlheim.net\/index.php?rest_route=\/wp\/v2\/types\/page"}],"author":[{"embeddable":true,"href":"https:\/\/www.ars-pohlheim.net\/index.php?rest_route=\/wp\/v2\/users\/1"}],"replies":[{"embeddable":true,"href":"https:\/\/www.ars-pohlheim.net\/index.php?rest_route=%2Fwp%2Fv2%2Fcomments&post=300"}],"version-history":[{"count":296,"href":"https:\/\/www.ars-pohlheim.net\/index.php?rest_route=\/wp\/v2\/pages\/300\/revisions"}],"predecessor-version":[{"id":12510,"href":"https:\/\/www.ars-pohlheim.net\/index.php?rest_route=\/wp\/v2\/pages\/300\/revisions\/12510"}],"wp:attachment":[{"href":"https:\/\/www.ars-pohlheim.net\/index.php?rest_route=%2Fwp%2Fv2%2Fmedia&parent=300"}],"curies":[{"name":"wp","href":"https:\/\/api.w.org\/{rel}","templated":true}]}}