{"id":298,"date":"2013-08-12T15:57:41","date_gmt":"2013-08-12T13:57:41","guid":{"rendered":"http:\/\/www.ars-pohlheim.net\/?page_id=298"},"modified":"2022-09-05T16:29:43","modified_gmt":"2022-09-05T14:29:43","slug":"busfahrplane","status":"publish","type":"page","link":"https:\/\/www.ars-pohlheim.net\/?page_id=298","title":{"rendered":"Busfahrpl\u00e4ne"},"content":{"rendered":"<p><strong>Aktuelle&nbsp;Busfahrpl\u00e4ne f\u00fcr das Einzugsgebiet der ARS:<\/strong><\/p>\n<ul>\n<li><a href=\"http:\/\/www.ars-pohlheim.net\/wp-content\/uploads\/2022\/09\/377-Gambach-Eberstadt_Pohlheim_Giessen.pdf\" target=\"_blank\" rel=\"noopener\">377 Gie\u00dfen, Pohlheim, Eberstadt-Gambach<\/a><\/li>\n<li><a href=\"http:\/\/www.ars-pohlheim.net\/wp-content\/uploads\/2022\/09\/376_Schulverkehr-der-Linie-375-Pohlheim.pdf\" target=\"_blank\" rel=\"noopener\">376 Schulverkehr&nbsp;Pohlheim<\/a><\/li>\n<li><a href=\"http:\/\/www.ars-pohlheim.net\/wp-content\/uploads\/2022\/09\/GI-32-Langgoens_Linden_Pohlheim.pdf\" target=\"_blank\" rel=\"noopener\">GI-32 Langg\u00f6ns-Linden-Pohlheim<\/a><\/li>\n<li><a href=\"http:\/\/www.ars-pohlheim.net\/wp-content\/uploads\/2022\/09\/375-Giessen_Pohlheim_Lich_Hungen.pdf\" target=\"_blank\" rel=\"noopener\">375 &#8211; Gie\u00dfen, Pohlheim, Lich, Hungen<\/a><\/li>\n<\/ul>\n<p><a href=\"https:\/\/www.rmv.de\/c\/de\/fahrplanauskunft\/\" target=\"_blank\" rel=\"noopener noreferrer\">\u21d2&nbsp;RMV Fahrplanauskunft online<\/a><\/p>\n\n\n<p><\/p>\n","protected":false},"excerpt":{"rendered":"<p>Aktuelle&nbsp;Busfahrpl\u00e4ne f\u00fcr das Einzugsgebiet der ARS: 377 Gie\u00dfen, Pohlheim, Eberstadt-Gambach 376 Schulverkehr&nbsp;Pohlheim GI-32 Langg\u00f6ns-Linden-Pohlheim 375 &#8211; Gie\u00dfen, Pohlheim, Lich, Hungen \u21d2&nbsp;RMV Fahrplanauskunft online<\/p>\n","protected":false},"author":1,"featured_media":0,"parent":0,"menu_order":0,"comment_status":"open","ping_status":"open","template":"","meta":{"ngg_post_thumbnail":0},"_links":{"self":[{"href":"https:\/\/www.ars-pohlheim.net\/index.php?rest_route=\/wp\/v2\/pages\/298"}],"collection":[{"href":"https:\/\/www.ars-pohlheim.net\/index.php?rest_route=\/wp\/v2\/pages"}],"about":[{"href":"https:\/\/www.ars-pohlheim.net\/index.php?rest_route=\/wp\/v2\/types\/page"}],"author":[{"embeddable":true,"href":"https:\/\/www.ars-pohlheim.net\/index.php?rest_route=\/wp\/v2\/users\/1"}],"replies":[{"embeddable":true,"href":"https:\/\/www.ars-pohlheim.net\/index.php?rest_route=%2Fwp%2Fv2%2Fcomments&post=298"}],"version-history":[{"count":28,"href":"https:\/\/www.ars-pohlheim.net\/index.php?rest_route=\/wp\/v2\/pages\/298\/revisions"}],"predecessor-version":[{"id":10456,"href":"https:\/\/www.ars-pohlheim.net\/index.php?rest_route=\/wp\/v2\/pages\/298\/revisions\/10456"}],"wp:attachment":[{"href":"https:\/\/www.ars-pohlheim.net\/index.php?rest_route=%2Fwp%2Fv2%2Fmedia&parent=298"}],"curies":[{"name":"wp","href":"https:\/\/api.w.org\/{rel}","templated":true}]}}