{"id":1977,"date":"2014-04-01T14:42:24","date_gmt":"2014-04-01T12:42:24","guid":{"rendered":"http:\/\/www.ars-pohlheim.net\/?page_id=1977"},"modified":"2019-09-09T20:03:51","modified_gmt":"2019-09-09T18:03:51","slug":"umweltschule","status":"publish","type":"page","link":"https:\/\/www.ars-pohlheim.net\/?page_id=1977","title":{"rendered":"Umweltschule"},"content":{"rendered":"<p><a href=\"http:\/\/www.ars-pohlheim.net\/wp-content\/uploads\/2014\/04\/Bildschirmfoto-2019-09-08-um-08.59.30.png\"><img loading=\"lazy\" class=\"alignnone size-large wp-image-7397\" src=\"http:\/\/www.ars-pohlheim.net\/wp-content\/uploads\/2014\/04\/Bildschirmfoto-2019-09-08-um-08.59.30-1024x712.png\" alt=\"\" width=\"474\" height=\"330\" srcset=\"https:\/\/www.ars-pohlheim.net\/wp-content\/uploads\/2014\/04\/Bildschirmfoto-2019-09-08-um-08.59.30-1024x712.png 1024w, https:\/\/www.ars-pohlheim.net\/wp-content\/uploads\/2014\/04\/Bildschirmfoto-2019-09-08-um-08.59.30-300x209.png 300w, https:\/\/www.ars-pohlheim.net\/wp-content\/uploads\/2014\/04\/Bildschirmfoto-2019-09-08-um-08.59.30-768x534.png 768w\" sizes=\"(max-width: 474px) 100vw, 474px\" \/><\/a><\/p>\n<p>Die Adolf-Reichwein-Schule ist seit vielen Jahren als Umweltschule des Landes Hessens ausgezeichnet.<\/p>\n<p>Vieles davon ist unserer Umwelt AG zu verdanken.<\/p>\n<p>Bei der Umwelt AG handelt sich um ein freiwilliges Angebot am Nachmittag, das jahrgangs\u00fcbergreifend 1-mal pro Woche stattfindet und nicht benotet wird. Daf\u00fcr erh\u00e4ltst du eine Bemerkung im Zeugnis und eine Urkunde f\u00fcr die Teilnahme.<\/p>\n<p>&nbsp;<\/p>\n<p>In der Umwelt AG arbeitest du praktisch im Schulgarten:<\/p>\n<ul>\n<li>Aussaat, Pflege der Beete und Ernte<\/li>\n<li>Pflege der Schulh\u00fchner<\/li>\n<li>Bauen eines Weidentipis<\/li>\n<li>Schulteich neu anlegen<\/li>\n<li>Nistk\u00e4sten aufh\u00e4ngen und reinigen<\/li>\n<li>Winterquartiere f\u00fcr Tiere anlegen<\/li>\n<li>Aktionen wie die Gilderwiese oder Abfall sammeln<\/li>\n<\/ul>\n<p>\n\n<div class=\"ngg-galleryoverview ngg-slideshow\"\n\t id=\"ngg-slideshow-af07929839f7d8126ac973726426b96d-1337653400\"\n     data-gallery-id=\"af07929839f7d8126ac973726426b96d\"\n     style=\"max-width: 570px; max-height: 400px;\">\n\n \t<div id=\"ngg-image-0\" class=\"ngg-gallery-slideshow-image\" style=\"height:400px\">\n\n        <a href=\"https:\/\/www.ars-pohlheim.net\/wp-content\/gallery\/umweltschule\/umwelt01.jpg\"\n           title=\"\"\n           data-src=\"https:\/\/www.ars-pohlheim.net\/wp-content\/gallery\/umweltschule\/umwelt01.jpg\"\n           data-thumbnail=\"https:\/\/www.ars-pohlheim.net\/wp-content\/gallery\/umweltschule\/thumbs\/thumbs_umwelt01.jpg\"\n           data-image-id=\"287\"\n           data-title=\"umwelt(01)\"\n           data-description=\"\"\n           class=\"ngg-fancybox\" rel=\"af07929839f7d8126ac973726426b96d\">\n\n            <img data-image-id='287'\n                 title=\"\"\n                 alt=\"umwelt(01)\"\n                 src=\"https:\/\/www.ars-pohlheim.net\/wp-content\/gallery\/umweltschule\/umwelt01.jpg\"\n                 style=\"max-height: 380px;\"\/>\n        <\/a>\n\n        <\/div> \n<div id=\"ngg-image-1\" class=\"ngg-gallery-slideshow-image\" style=\"height:400px\">\n\n        <a href=\"https:\/\/www.ars-pohlheim.net\/wp-content\/gallery\/umweltschule\/Umwelt02.jpg\"\n           title=\"\"\n           data-src=\"https:\/\/www.ars-pohlheim.net\/wp-content\/gallery\/umweltschule\/Umwelt02.jpg\"\n           data-thumbnail=\"https:\/\/www.ars-pohlheim.net\/wp-content\/gallery\/umweltschule\/thumbs\/thumbs_Umwelt02.jpg\"\n           data-image-id=\"288\"\n           data-title=\"Umwelt(02)\"\n           data-description=\"\"\n           class=\"ngg-fancybox\" rel=\"af07929839f7d8126ac973726426b96d\">\n\n            <img data-image-id='288'\n                 title=\"\"\n                 alt=\"Umwelt(02)\"\n                 src=\"https:\/\/www.ars-pohlheim.net\/wp-content\/gallery\/umweltschule\/Umwelt02.jpg\"\n                 style=\"max-height: 380px;\"\/>\n        <\/a>\n\n        <\/div> \n<div id=\"ngg-image-2\" class=\"ngg-gallery-slideshow-image\" style=\"height:400px\">\n\n        <a href=\"https:\/\/www.ars-pohlheim.net\/wp-content\/gallery\/umweltschule\/Umwelt03.jpg\"\n           title=\"\"\n           data-src=\"https:\/\/www.ars-pohlheim.net\/wp-content\/gallery\/umweltschule\/Umwelt03.jpg\"\n           data-thumbnail=\"https:\/\/www.ars-pohlheim.net\/wp-content\/gallery\/umweltschule\/thumbs\/thumbs_Umwelt03.jpg\"\n           data-image-id=\"289\"\n           data-title=\"Umwelt(03)\"\n           data-description=\"\"\n           class=\"ngg-fancybox\" rel=\"af07929839f7d8126ac973726426b96d\">\n\n            <img data-image-id='289'\n                 title=\"\"\n                 alt=\"Umwelt(03)\"\n                 src=\"https:\/\/www.ars-pohlheim.net\/wp-content\/gallery\/umweltschule\/Umwelt03.jpg\"\n                 style=\"max-height: 380px;\"\/>\n        <\/a>\n\n        <\/div> \n<div id=\"ngg-image-3\" class=\"ngg-gallery-slideshow-image\" style=\"height:400px\">\n\n        <a href=\"https:\/\/www.ars-pohlheim.net\/wp-content\/gallery\/umweltschule\/Umwelt04.jpg\"\n           title=\"\"\n           data-src=\"https:\/\/www.ars-pohlheim.net\/wp-content\/gallery\/umweltschule\/Umwelt04.jpg\"\n           data-thumbnail=\"https:\/\/www.ars-pohlheim.net\/wp-content\/gallery\/umweltschule\/thumbs\/thumbs_Umwelt04.jpg\"\n           data-image-id=\"290\"\n           data-title=\"Umwelt(04)\"\n           data-description=\"\"\n           class=\"ngg-fancybox\" rel=\"af07929839f7d8126ac973726426b96d\">\n\n            <img data-image-id='290'\n                 title=\"\"\n                 alt=\"Umwelt(04)\"\n                 src=\"https:\/\/www.ars-pohlheim.net\/wp-content\/gallery\/umweltschule\/Umwelt04.jpg\"\n                 style=\"max-height: 380px;\"\/>\n        <\/a>\n\n        <\/div> \n<div id=\"ngg-image-4\" class=\"ngg-gallery-slideshow-image\" style=\"height:400px\">\n\n        <a href=\"https:\/\/www.ars-pohlheim.net\/wp-content\/gallery\/umweltschule\/Umwelt05.jpg\"\n           title=\"\"\n           data-src=\"https:\/\/www.ars-pohlheim.net\/wp-content\/gallery\/umweltschule\/Umwelt05.jpg\"\n           data-thumbnail=\"https:\/\/www.ars-pohlheim.net\/wp-content\/gallery\/umweltschule\/thumbs\/thumbs_Umwelt05.jpg\"\n           data-image-id=\"291\"\n           data-title=\"Umwelt(05)\"\n           data-description=\"\"\n           class=\"ngg-fancybox\" rel=\"af07929839f7d8126ac973726426b96d\">\n\n            <img data-image-id='291'\n                 title=\"\"\n                 alt=\"Umwelt(05)\"\n                 src=\"https:\/\/www.ars-pohlheim.net\/wp-content\/gallery\/umweltschule\/Umwelt05.jpg\"\n                 style=\"max-height: 380px;\"\/>\n        <\/a>\n\n        <\/div> \n<div id=\"ngg-image-5\" class=\"ngg-gallery-slideshow-image\" style=\"height:400px\">\n\n        <a href=\"https:\/\/www.ars-pohlheim.net\/wp-content\/gallery\/umweltschule\/Umwelt06.jpg\"\n           title=\"\"\n           data-src=\"https:\/\/www.ars-pohlheim.net\/wp-content\/gallery\/umweltschule\/Umwelt06.jpg\"\n           data-thumbnail=\"https:\/\/www.ars-pohlheim.net\/wp-content\/gallery\/umweltschule\/thumbs\/thumbs_Umwelt06.jpg\"\n           data-image-id=\"292\"\n           data-title=\"Umwelt(06)\"\n           data-description=\"\"\n           class=\"ngg-fancybox\" rel=\"af07929839f7d8126ac973726426b96d\">\n\n            <img data-image-id='292'\n                 title=\"\"\n                 alt=\"Umwelt(06)\"\n                 src=\"https:\/\/www.ars-pohlheim.net\/wp-content\/gallery\/umweltschule\/Umwelt06.jpg\"\n                 style=\"max-height: 380px;\"\/>\n        <\/a>\n\n        <\/div> \n<div id=\"ngg-image-6\" class=\"ngg-gallery-slideshow-image\" style=\"height:400px\">\n\n        <a href=\"https:\/\/www.ars-pohlheim.net\/wp-content\/gallery\/umweltschule\/Umwelt07.jpg\"\n           title=\"\"\n           data-src=\"https:\/\/www.ars-pohlheim.net\/wp-content\/gallery\/umweltschule\/Umwelt07.jpg\"\n           data-thumbnail=\"https:\/\/www.ars-pohlheim.net\/wp-content\/gallery\/umweltschule\/thumbs\/thumbs_Umwelt07.jpg\"\n           data-image-id=\"293\"\n           data-title=\"Umwelt(07)\"\n           data-description=\"\"\n           class=\"ngg-fancybox\" rel=\"af07929839f7d8126ac973726426b96d\">\n\n            <img data-image-id='293'\n                 title=\"\"\n                 alt=\"Umwelt(07)\"\n                 src=\"https:\/\/www.ars-pohlheim.net\/wp-content\/gallery\/umweltschule\/Umwelt07.jpg\"\n                 style=\"max-height: 380px;\"\/>\n        <\/a>\n\n        <\/div> \n<div id=\"ngg-image-7\" class=\"ngg-gallery-slideshow-image\" style=\"height:400px\">\n\n        <a href=\"https:\/\/www.ars-pohlheim.net\/wp-content\/gallery\/umweltschule\/Umwelt08.jpg\"\n           title=\"\"\n           data-src=\"https:\/\/www.ars-pohlheim.net\/wp-content\/gallery\/umweltschule\/Umwelt08.jpg\"\n           data-thumbnail=\"https:\/\/www.ars-pohlheim.net\/wp-content\/gallery\/umweltschule\/thumbs\/thumbs_Umwelt08.jpg\"\n           data-image-id=\"294\"\n           data-title=\"Umwelt(08)\"\n           data-description=\"\"\n           class=\"ngg-fancybox\" rel=\"af07929839f7d8126ac973726426b96d\">\n\n            <img data-image-id='294'\n                 title=\"\"\n                 alt=\"Umwelt(08)\"\n                 src=\"https:\/\/www.ars-pohlheim.net\/wp-content\/gallery\/umweltschule\/Umwelt08.jpg\"\n                 style=\"max-height: 380px;\"\/>\n        <\/a>\n\n        <\/div> \n<div id=\"ngg-image-8\" class=\"ngg-gallery-slideshow-image\" style=\"height:400px\">\n\n        <a href=\"https:\/\/www.ars-pohlheim.net\/wp-content\/gallery\/umweltschule\/Umwelt09.jpg\"\n           title=\"\"\n           data-src=\"https:\/\/www.ars-pohlheim.net\/wp-content\/gallery\/umweltschule\/Umwelt09.jpg\"\n           data-thumbnail=\"https:\/\/www.ars-pohlheim.net\/wp-content\/gallery\/umweltschule\/thumbs\/thumbs_Umwelt09.jpg\"\n           data-image-id=\"295\"\n           data-title=\"Umwelt(09)\"\n           data-description=\"\"\n           class=\"ngg-fancybox\" rel=\"af07929839f7d8126ac973726426b96d\">\n\n            <img data-image-id='295'\n                 title=\"\"\n                 alt=\"Umwelt(09)\"\n                 src=\"https:\/\/www.ars-pohlheim.net\/wp-content\/gallery\/umweltschule\/Umwelt09.jpg\"\n                 style=\"max-height: 380px;\"\/>\n        <\/a>\n\n        <\/div> \n<div id=\"ngg-image-9\" class=\"ngg-gallery-slideshow-image\" style=\"height:400px\">\n\n        <a href=\"https:\/\/www.ars-pohlheim.net\/wp-content\/gallery\/umweltschule\/Umwelt10.jpg\"\n           title=\"\"\n           data-src=\"https:\/\/www.ars-pohlheim.net\/wp-content\/gallery\/umweltschule\/Umwelt10.jpg\"\n           data-thumbnail=\"https:\/\/www.ars-pohlheim.net\/wp-content\/gallery\/umweltschule\/thumbs\/thumbs_Umwelt10.jpg\"\n           data-image-id=\"296\"\n           data-title=\"Umwelt(10)\"\n           data-description=\"\"\n           class=\"ngg-fancybox\" rel=\"af07929839f7d8126ac973726426b96d\">\n\n            <img data-image-id='296'\n                 title=\"\"\n                 alt=\"Umwelt(10)\"\n                 src=\"https:\/\/www.ars-pohlheim.net\/wp-content\/gallery\/umweltschule\/Umwelt10.jpg\"\n                 style=\"max-height: 380px;\"\/>\n        <\/a>\n\n        <\/div> \n<div id=\"ngg-image-10\" class=\"ngg-gallery-slideshow-image\" style=\"height:400px\">\n\n        <a href=\"https:\/\/www.ars-pohlheim.net\/wp-content\/gallery\/umweltschule\/Umwelt11.jpg\"\n           title=\"\"\n           data-src=\"https:\/\/www.ars-pohlheim.net\/wp-content\/gallery\/umweltschule\/Umwelt11.jpg\"\n           data-thumbnail=\"https:\/\/www.ars-pohlheim.net\/wp-content\/gallery\/umweltschule\/thumbs\/thumbs_Umwelt11.jpg\"\n           data-image-id=\"297\"\n           data-title=\"Umwelt(11)\"\n           data-description=\"\"\n           class=\"ngg-fancybox\" rel=\"af07929839f7d8126ac973726426b96d\">\n\n            <img data-image-id='297'\n                 title=\"\"\n                 alt=\"Umwelt(11)\"\n                 src=\"https:\/\/www.ars-pohlheim.net\/wp-content\/gallery\/umweltschule\/Umwelt11.jpg\"\n                 style=\"max-height: 380px;\"\/>\n        <\/a>\n\n        <\/div> \n<div id=\"ngg-image-11\" class=\"ngg-gallery-slideshow-image\" style=\"height:400px\">\n\n        <a href=\"https:\/\/www.ars-pohlheim.net\/wp-content\/gallery\/umweltschule\/Umwelt12.jpg\"\n           title=\"\"\n           data-src=\"https:\/\/www.ars-pohlheim.net\/wp-content\/gallery\/umweltschule\/Umwelt12.jpg\"\n           data-thumbnail=\"https:\/\/www.ars-pohlheim.net\/wp-content\/gallery\/umweltschule\/thumbs\/thumbs_Umwelt12.jpg\"\n           data-image-id=\"298\"\n           data-title=\"Umwelt(12)\"\n           data-description=\"\"\n           class=\"ngg-fancybox\" rel=\"af07929839f7d8126ac973726426b96d\">\n\n            <img data-image-id='298'\n                 title=\"\"\n                 alt=\"Umwelt(12)\"\n                 src=\"https:\/\/www.ars-pohlheim.net\/wp-content\/gallery\/umweltschule\/Umwelt12.jpg\"\n                 style=\"max-height: 380px;\"\/>\n        <\/a>\n\n        <\/div> \n<div id=\"ngg-image-12\" class=\"ngg-gallery-slideshow-image\" style=\"height:400px\">\n\n        <a href=\"https:\/\/www.ars-pohlheim.net\/wp-content\/gallery\/umweltschule\/Umwelt13.jpg\"\n           title=\"\"\n           data-src=\"https:\/\/www.ars-pohlheim.net\/wp-content\/gallery\/umweltschule\/Umwelt13.jpg\"\n           data-thumbnail=\"https:\/\/www.ars-pohlheim.net\/wp-content\/gallery\/umweltschule\/thumbs\/thumbs_Umwelt13.jpg\"\n           data-image-id=\"299\"\n           data-title=\"Umwelt(13)\"\n           data-description=\"\"\n           class=\"ngg-fancybox\" rel=\"af07929839f7d8126ac973726426b96d\">\n\n            <img data-image-id='299'\n                 title=\"\"\n                 alt=\"Umwelt(13)\"\n                 src=\"https:\/\/www.ars-pohlheim.net\/wp-content\/gallery\/umweltschule\/Umwelt13.jpg\"\n                 style=\"max-height: 380px;\"\/>\n        <\/a>\n\n        <\/div> \n<\/div>\n\n\n\nMehr Informationen findet man unter&nbsp;<a href=\"http:\/\/www.umweltschule-hessen.de\">Umweltschule Hessen<\/a>.<\/p>\n","protected":false},"excerpt":{"rendered":"<p>Die Adolf-Reichwein-Schule ist seit vielen Jahren als Umweltschule des Landes Hessens ausgezeichnet. Vieles davon ist unserer Umwelt AG zu verdanken. Bei der Umwelt AG handelt sich um ein freiwilliges Angebot am Nachmittag, das jahrgangs\u00fcbergreifend 1-mal pro Woche stattfindet und nicht benotet wird. Daf\u00fcr erh\u00e4ltst du eine Bemerkung im Zeugnis und eine Urkunde f\u00fcr die Teilnahme. &hellip; <a href=\"https:\/\/www.ars-pohlheim.net\/?page_id=1977\" class=\"more-link\"><span class=\"screen-reader-text\">Umweltschule<\/span> weiterlesen <span class=\"meta-nav\">&rarr;<\/span><\/a><\/p>\n","protected":false},"author":1,"featured_media":0,"parent":0,"menu_order":0,"comment_status":"open","ping_status":"open","template":"","meta":{"ngg_post_thumbnail":0},"_links":{"self":[{"href":"https:\/\/www.ars-pohlheim.net\/index.php?rest_route=\/wp\/v2\/pages\/1977"}],"collection":[{"href":"https:\/\/www.ars-pohlheim.net\/index.php?rest_route=\/wp\/v2\/pages"}],"about":[{"href":"https:\/\/www.ars-pohlheim.net\/index.php?rest_route=\/wp\/v2\/types\/page"}],"author":[{"embeddable":true,"href":"https:\/\/www.ars-pohlheim.net\/index.php?rest_route=\/wp\/v2\/users\/1"}],"replies":[{"embeddable":true,"href":"https:\/\/www.ars-pohlheim.net\/index.php?rest_route=%2Fwp%2Fv2%2Fcomments&post=1977"}],"version-history":[{"count":6,"href":"https:\/\/www.ars-pohlheim.net\/index.php?rest_route=\/wp\/v2\/pages\/1977\/revisions"}],"predecessor-version":[{"id":7547,"href":"https:\/\/www.ars-pohlheim.net\/index.php?rest_route=\/wp\/v2\/pages\/1977\/revisions\/7547"}],"wp:attachment":[{"href":"https:\/\/www.ars-pohlheim.net\/index.php?rest_route=%2Fwp%2Fv2%2Fmedia&parent=1977"}],"curies":[{"name":"wp","href":"https:\/\/api.w.org\/{rel}","templated":true}]}}