{"id":185,"date":"2013-08-11T23:27:37","date_gmt":"2013-08-11T21:27:37","guid":{"rendered":"http:\/\/www.ars-pohlheim.net\/?page_id=185"},"modified":"2020-04-01T20:55:55","modified_gmt":"2020-04-01T18:55:55","slug":"schullaufbahnberatung","status":"publish","type":"page","link":"https:\/\/www.ars-pohlheim.net\/?page_id=185","title":{"rendered":"Berufsvorbereitung und Studienorientierung"},"content":{"rendered":"<p><i>Lass jedermann das tun, was er am besten versteht!<a href=\"http:\/\/www.ars-pohlheim.net\/wp-content\/uploads\/2015\/12\/BSO-LOGO-ERkl.pdf\"><img loading=\"lazy\" class=\"alignright size-medium wp-image-4202\" src=\"http:\/\/www.ars-pohlheim.net\/wp-content\/uploads\/2015\/12\/BSO-Logo-239x300.jpg\" alt=\"BSO Logo\" width=\"239\" height=\"300\" srcset=\"https:\/\/www.ars-pohlheim.net\/wp-content\/uploads\/2015\/12\/BSO-Logo-239x300.jpg 239w, https:\/\/www.ars-pohlheim.net\/wp-content\/uploads\/2015\/12\/BSO-Logo.jpg 670w\" sizes=\"(max-width: 239px) 100vw, 239px\" \/><\/a><\/i><\/p>\n<p style=\"text-align: left;\" align=\"right\"><i>Cicero (106-43 v. Chr.)<\/i><\/p>\n<p>&nbsp;<\/p>\n<p>Bei der Berufswahl geht es heutzutage nicht mehr um die Entscheidung f\u00fcr eine T\u00e4tigkeit, die dann ein ganzes Berufsleben hindurch ausge\u00fcbt wird. Vielmehr m\u00fcssen junge Menschen wissen, wo ihre St\u00e4rken und Schw\u00e4chen, ihre Begabungen und Interessen liegen. Es geht um die flexible Ausgestaltung und Anpassung des eigenen Qualifikations- und Kompetenzprofils an die wechselnden Anforderungen und Besch\u00e4ftigungsm\u00f6glichkeiten.<\/p>\n<p>Um diesen gestiegenen Anforderungsprofilen, dem raschen Wandel des Arbeitsmarktes und der Vielfalt der Ausbildungs- und Studienm\u00f6glichkeiten gerecht zu werden, befindet sich auch unsere Schule in einem stetigen Entwicklungsprozess.<\/p>\n<p><a href=\"https:\/\/www.youtube.com\/watch?v=ekzQKRAbqE8\"><span style=\"color: #ff6600;\"><span style=\"color: #ff6600;\">Ein &nbsp;Clip<br \/>\nzu den Weiterf\u00fchrenden Schulformen<\/span><\/span><\/a><\/p>\n<p>Eine effektive Berufsorientierung setzt auch kompetente Vermittler voraus, daher qualifizieren sich auch die Lehrkr\u00e4fte st\u00e4ndig \u00fcber den neusten Stand der Ausbildungs- und Studienm\u00f6glichkeiten und \u00fcberzuk\u00fcnftige Entwicklungen der Arbeitswelt.<\/p>\n<p>Wir begleiten unsere Sch\u00fclerinnen und Sch\u00fcler bei der Bew\u00e4ltigung dieser wichtigen Aufgabe und vermitteln ihnen die Kompetenz, die Verh\u00e4ltnisse auf dem Arbeitsmarkt realistisch einzusch\u00e4tzen und so zu einer bewussten und selbst\u00e4ndigen Berufswahlentscheidung zu kommen.<\/p>\n<p>Hierbei arbeitet die Adolf-Reichwein-Schule mit vielen Unterst\u00fctzungs- und F\u00f6rderinstrumenten zusammen wie beispielsweise&nbsp;<a href=\"http:\/\/www.olov-hessen.de\/\"><b>OLoV&nbsp;<\/b><\/a>&nbsp;(hessenweite Strategie der Optimierung der lokalen Vermittlungsarbeit), der Agentur f\u00fcr Arbeit, der Landesarbeitsgemeinschaft Schule-Wirtschaft, dem Berufsfortbildungswerk (bfw) oder dem Institut f\u00fcr Berufs- und Sozialp\u00e4dagogik (IBS).<\/p>\n<p style=\"text-align: center;\">&nbsp;<a href=\"http:\/\/www.ars-pohlheim.net\/wp-content\/uploads\/2013\/08\/BESO-Grafik.jpg\"><img loading=\"lazy\" class=\"aligncenter wp-image-3613\" src=\"http:\/\/www.ars-pohlheim.net\/wp-content\/uploads\/2013\/08\/BESO-Grafik-1024x686.jpg\" alt=\"BESO Grafik\" width=\"405\" height=\"272\" srcset=\"https:\/\/www.ars-pohlheim.net\/wp-content\/uploads\/2013\/08\/BESO-Grafik-1024x686.jpg 1024w, https:\/\/www.ars-pohlheim.net\/wp-content\/uploads\/2013\/08\/BESO-Grafik-300x201.jpg 300w, https:\/\/www.ars-pohlheim.net\/wp-content\/uploads\/2013\/08\/BESO-Grafik.jpg 1297w\" sizes=\"(max-width: 405px) 100vw, 405px\" \/><\/a><\/p>\n<p>Zu den Unterrichtsinhalten im Bereich Berufsorientierung\/Berufsvorbereitung geh\u00f6ren:<\/p>\n<p>im Fach Arbeitslehre:<\/p>\n<ul>\n<li>Ver\u00e4nderung der Arbeitswelt allgemein<\/li>\n<li>Findung von Kompetenzen<\/li>\n<li>Verkn\u00fcpfung von pers\u00f6nlichen Interessen, St\u00e4rken und Zielen mit den Anforderungen einzelner Berufe<\/li>\n<li>Erarbeiten von Berufsbildern<\/li>\n<li>Berufswahl und Bewerbungsplanung<\/li>\n<li>Simulation von Bewerbungsverfahren<\/li>\n<li>Schullaufbahnberatung<\/li>\n<\/ul>\n<p><em>im Fach Mathematik:<\/em><\/p>\n<ul>\n<li>gezielte F\u00f6rderung mathematischer Grundkompetenzen<\/li>\n<\/ul>\n<p><em>im Fach Deutsch<\/em><\/p>\n<ul>\n<li>Bewerbungsschreiben, -mappe -gespr\u00e4che<\/li>\n<li>Erschlie\u00dfen berufsrelevanter Texte<\/li>\n<\/ul>\n<p><em>im Fach WiSoTec (Wirtschaft\/ Soziales\/ Technik)<\/em><\/p>\n<ul>\n<li>Erlernen von Basiskompentenzen (handwerkliche, informationtechnische, hauswirtschaftliche, gestalterische, darstellende F\u00e4higkeiten\/Fertigkeiten)<\/li>\n<li>Simulation von Arbeitswelt (Sch\u00fclerfirmen)<\/li>\n<li>Planspiel: Spiel das Leben<\/li>\n<\/ul>\n<p><em>F\u00e4cher\u00fcbergreifende Unterrichtsangebote:<\/em><\/p>\n<ul>\n<li>Individuelle Beratung von Sch\u00fclern<\/li>\n<li>Unterst\u00fctzung der Selbstreflexion<\/li>\n<li>Erarbeitung der verschiedenen Informationsm\u00f6glichkeiten bei der Lehrstellensuche<\/li>\n<li>Erwerb von Schl\u00fcsselkompetenzen<\/li>\n<li>Assessment-Center<\/li>\n<li>\u00dcben von Einstellungstests<\/li>\n<li>Kompetenzfeststellung<\/li>\n<li>Bewerbungstraining durchgef\u00fchrt von Vertretern der Wirtschaft<\/li>\n<li>Besuche von Azubis im Unterricht<\/li>\n<li>\u00dcbergangs-Coach<\/li>\n<\/ul>\n<p><em>Lernortvernetzung (\u201eErleben vor Ort\u201c)<\/em><\/p>\n<ul>\n<li>Betriebspraktika, jeweils 14 Tage in Jahrgang 8 und 9 mit entsprechender Vor- und Nachbereitung und Betreuung w\u00e4hrend der Praktika<\/li>\n<li>Kontinuierliche Praxistage<\/li>\n<li>Erkundung von Arbeits- und Ausbildungspl\u00e4tzen in der Region<\/li>\n<li>Kooperation zwischen allgemeinbildenden und beruflichen Schulen<\/li>\n<li>Berufsinformationstag an beruflichen Schulen<\/li>\n<li>\u201eProbelehre\u201c (ein besonderes Praktikum f\u00fcr Sch\u00fclerinnen und Sch\u00fcler im Jahrgang 10 mit der Option, sich \u00fcber das allgemeine Verhalten, \u00fcber Flei\u00df, Interesse und Eignung am Praktikumsbetrieb f\u00fcr eine Ausbildungsstelle zu qualifizieren.<\/li>\n<li>\u201eSchnuppertage\u201c an weiterf\u00fchrenden Schulen<\/li>\n<li>Girl\u00b4s day\/ Neue Wege f\u00fcr Jungs, verpflichtend f\u00fcr alle M\u00e4dchen und Jungen im Jahrgang 7<\/li>\n<\/ul>\n<p><em>Agentur f\u00fcr Arbeit unterst\u00fctzt durch:<\/em><\/p>\n<ul>\n<li>Regelm\u00e4\u00dfige Sprechstunden des zust\u00e4ndigen Berufsberaters mit Einzelberatung f\u00fcr Sch\u00fcler und Eltern in der Schule<\/li>\n<li>Berufs- und studienkundliche Vortr\u00e4ge f\u00fcr Klassen\/Kurs<\/li>\n<li>Bereitstellung von Informationsmaterialien<\/li>\n<li>Bewerbungstraining durch freie Tr\u00e4ger<\/li>\n<li>Ma\u00dfnahmen der vertieften Berufsorientierung: Kompetenzermittlungsverfahren<\/li>\n<\/ul>\n<h4>&nbsp;<\/h4>\n<h3><span style=\"color: #ff0000;\"><strong>Wertvolle Links:<\/strong><\/span><\/h3>\n<h4>&nbsp;<span style=\"color: #0000ff;\"><a href=\"http:\/\/www.olov-hessen.de\/\">OloV-hessen<\/a><\/span><\/h4>\n<h4 id=\"yui_3_16_0_1_1430848732014_3696\">Berufs- und Studienorientierung:<\/h4>\n<ul>\n<li><a id=\"yui_3_16_0_1_1430848732014_3705\" href=\"http:\/\/www.planet-beruf.de\/\" target=\"_blank\" rel=\"nofollow noopener noreferrer\" shape=\"rect\"><span id=\"yui_3_16_0_1_1430848732014_3704\" style=\"color: #0066cc;\">www.planet-beruf.de<\/span><\/a><\/li>\n<li><a id=\"yui_3_16_0_1_1430848732014_3703\" href=\"http:\/\/www.arbeitsagentur.de\/\" target=\"_blank\" rel=\"nofollow noopener noreferrer\" shape=\"rect\"><span id=\"yui_3_16_0_1_1430848732014_3702\" style=\"color: #0066cc;\">www.arbeitsagentur.de<\/span><\/a><\/li>\n<li><span style=\"color: #0066cc;\"><a href=\"http:\/\/www.bwhw.de\/angebote\/#category[]=128;%EF%BB%BF\" target=\"_blank\" rel=\"nofollow noopener noreferrer\" shape=\"rect\">www.bwhw.de<\/a>&nbsp;<\/span><\/li>\n<li>&nbsp;<a id=\"yui_3_16_0_1_1430848732014_3715\" href=\"http:\/\/www.kompo7.de\/aktuell\/\" target=\"_blank\" rel=\"nofollow noopener noreferrer\" shape=\"rect\"><span id=\"yui_3_16_0_1_1430848732014_3714\" style=\"color: #0066cc;\">www.kompo7.de<\/span><\/a><\/li>\n<\/ul>\n<h4 id=\"yui_3_16_0_1_1430848732014_3716\">&nbsp;Weiterf\u00fchrende&nbsp;\/ berufliche Schulen:<\/h4>\n<div>&nbsp;<\/div>\n<ul>\n<li id=\"yui_3_16_0_1_1430848732014_3720\"><span style=\"color: #3366ff;\"><em id=\"yui_3_16_0_1_1430848732014_3719\"><a id=\"yui_3_16_0_1_1430848732014_3718\" href=\"http:\/\/www.tls-gi.de\/\" target=\"_blank\" rel=\"nofollow noopener noreferrer\" shape=\"rect\"><span style=\"color: #3366ff;\">www.tls-gi.de<\/span><\/a>&nbsp;(Theodor-Litt-Schule)<\/em><\/span><\/li>\n<li id=\"yui_3_16_0_1_1430848732014_3723\"><span style=\"color: #3366ff;\"><em id=\"yui_3_16_0_1_1430848732014_3722\"><a href=\"http:\/\/www.wbs-giessen.de\/\"><span style=\"color: #3366ff;\"><span style=\"color: #3366ff;\">www.wbs-giessen.de<\/span><\/span><\/a>&nbsp;(Willy-Brandt-Schule)<\/em><\/span><\/li>\n<li id=\"yui_3_16_0_1_1430848732014_3726\"><span style=\"color: #3366ff;\"><em id=\"yui_3_16_0_1_1430848732014_3725\"><a id=\"yui_3_16_0_1_1430848732014_3724\" href=\"http:\/\/www.ffs-giessen.de\/\" target=\"_blank\" rel=\"nofollow noopener noreferrer\" shape=\"rect\"><span style=\"color: #3366ff;\">www.ffs-giessen.de<\/span><\/a>&nbsp;(Friedrich-Feld-Schule)<\/em><\/span><\/li>\n<li id=\"yui_3_16_0_1_1430848732014_3729\"><span style=\"color: #3366ff;\"><em id=\"yui_3_16_0_1_1430848732014_3728\"><a id=\"yui_3_16_0_1_1430848732014_3727\" href=\"http:\/\/www.aliceschule-giessen.de\/\" target=\"_blank\" rel=\"nofollow noopener noreferrer\" shape=\"rect\"><span style=\"color: #3366ff;\">www.aliceschule-giessen.de<\/span><\/a>&nbsp;(Alice Schule)<\/em><\/span><\/li>\n<li><a href=\"http:\/\/www.maxweberschule.de\/\"><span style=\"color: #3366ff;\">www.maxweberschule.de (Max-Weber-Schule Gie\u00dfen)<\/span><\/a><\/li>\n<li><a href=\"http:\/\/berufsschule-butzbach.de\/\"><span style=\"color: #3366ff;\">www.berufsschule-butzbach.de (Berufsschule Butzbach)<\/span><\/a><\/li>\n<li id=\"yui_3_16_0_1_1430848732014_3732\"><span style=\"color: #3366ff;\"><em id=\"yui_3_16_0_1_1430848732014_3731\"><a id=\"yui_3_16_0_1_1430848732014_3730\" href=\"http:\/\/www.ostschule.de\/\" target=\"_blank\" rel=\"nofollow noopener noreferrer\" shape=\"rect\"><span style=\"color: #3366ff;\">www.ostschule.de<\/span><\/a>&nbsp;(Gesamtschule Gie\u00dfen-Ost)<\/em><\/span><\/li>\n<\/ul>\n<h4 id=\"yui_3_16_0_1_1430848732014_3733\"><span style=\"color: #3366ff;\">&nbsp;<\/span><em id=\"yui_3_16_0_1_1430848732014_3734\">Kooperationspartner:<\/em><\/h4>\n<div>&nbsp;&nbsp;<\/div>\n<ul>\n<li><strong><span style=\"color: #3366ff;\">Chr. Hansen,&nbsp;<span style=\"caret-color: #3366ff;\">Pohlheim<\/span>&nbsp;<\/span><\/strong><\/li>\n<li id=\"yui_3_16_0_1_1430848732014_3738\"><strong><span style=\"color: #3366ff;\">ibs, Pohlheim<\/span><\/strong><\/li>\n<li id=\"yui_3_16_0_1_1430848732014_3739\"><strong><span style=\"color: #3366ff;\">P<a style=\"color: #3366ff;\" href=\"http:\/\/www.poppe.de\/\" target=\"_blank\" rel=\"nofollow noopener noreferrer\" shape=\"rect\">oppe,<\/a>&nbsp;Gie\u00dfen<\/span><\/strong><\/li>\n<li id=\"yui_3_16_0_1_1430848732014_3740\"><strong><span style=\"color: #3366ff;\"><a style=\"color: #3366ff;\" href=\"http:\/\/www.werth.de\/\" target=\"_blank\" rel=\"nofollow noopener noreferrer\" shape=\"rect\">werth,<\/a>&nbsp;Gie\u00dfen<\/span><\/strong><\/li>\n<li><strong><span style=\"color: #3366ff;\">H<a style=\"color: #3366ff;\" href=\"www.hochwald.de\">ochwald,<\/a>&nbsp;Hungen<\/span><\/strong><\/li>\n<li><strong><span style=\"color: #3366ff;\"><a style=\"color: #3366ff;\" href=\"http:\/\/www.neusehland.de\/\">Neusehland<\/a><\/span><\/strong><\/li>\n<li id=\"yui_3_16_0_1_1431333376529_32774\"><strong><span style=\"color: #3366ff;\">S<a id=\"yui_3_16_0_1_1431333376529_32773\" style=\"color: #3366ff;\" href=\"http:\/\/www.stadtwerke-giessen.de\/\" target=\"_blank\" rel=\"nofollow noopener noreferrer\" shape=\"rect\">tadtwerke, Gie\u00dfen<\/a><\/span><\/strong><\/li>\n<\/ul>\n","protected":false},"excerpt":{"rendered":"<p>Lass jedermann das tun, was er am besten versteht! Cicero (106-43 v. Chr.) &nbsp; Bei der Berufswahl geht es heutzutage nicht mehr um die Entscheidung f\u00fcr eine T\u00e4tigkeit, die dann ein ganzes Berufsleben hindurch ausge\u00fcbt wird. Vielmehr m\u00fcssen junge Menschen wissen, wo ihre St\u00e4rken und Schw\u00e4chen, ihre Begabungen und Interessen liegen. Es geht um die &hellip; <a href=\"https:\/\/www.ars-pohlheim.net\/?page_id=185\" class=\"more-link\"><span class=\"screen-reader-text\">Berufsvorbereitung und Studienorientierung<\/span> weiterlesen <span class=\"meta-nav\">&rarr;<\/span><\/a><\/p>\n","protected":false},"author":1,"featured_media":0,"parent":0,"menu_order":0,"comment_status":"open","ping_status":"open","template":"","meta":{"ngg_post_thumbnail":0},"_links":{"self":[{"href":"https:\/\/www.ars-pohlheim.net\/index.php?rest_route=\/wp\/v2\/pages\/185"}],"collection":[{"href":"https:\/\/www.ars-pohlheim.net\/index.php?rest_route=\/wp\/v2\/pages"}],"about":[{"href":"https:\/\/www.ars-pohlheim.net\/index.php?rest_route=\/wp\/v2\/types\/page"}],"author":[{"embeddable":true,"href":"https:\/\/www.ars-pohlheim.net\/index.php?rest_route=\/wp\/v2\/users\/1"}],"replies":[{"embeddable":true,"href":"https:\/\/www.ars-pohlheim.net\/index.php?rest_route=%2Fwp%2Fv2%2Fcomments&post=185"}],"version-history":[{"count":27,"href":"https:\/\/www.ars-pohlheim.net\/index.php?rest_route=\/wp\/v2\/pages\/185\/revisions"}],"predecessor-version":[{"id":8093,"href":"https:\/\/www.ars-pohlheim.net\/index.php?rest_route=\/wp\/v2\/pages\/185\/revisions\/8093"}],"wp:attachment":[{"href":"https:\/\/www.ars-pohlheim.net\/index.php?rest_route=%2Fwp%2Fv2%2Fmedia&parent=185"}],"curies":[{"name":"wp","href":"https:\/\/api.w.org\/{rel}","templated":true}]}}