{"id":1819,"date":"2014-02-27T20:10:56","date_gmt":"2014-02-27T19:10:56","guid":{"rendered":"http:\/\/www.ars-pohlheim.net\/?page_id=1819"},"modified":"2025-09-18T11:54:42","modified_gmt":"2025-09-18T09:54:42","slug":"ars-auf-einen-blick","status":"publish","type":"page","link":"https:\/\/www.ars-pohlheim.net\/?page_id=1819","title":{"rendered":"ARS auf einen Blick"},"content":{"rendered":"<p style=\"text-align: left;\">Die Adolf-Reichwein-Schule in Pohlheim ist eine schulform\u00fcbergreifende, integrierte Gesamtschule mit Ganztagsangeboten. Die Betreuung erfolgt bis 16 Uhr.<\/p>\n<p><b>Adolf-Reichwein-Schule Pohlheim<br \/>\n<\/b>Fortweg 5<br \/>\n35415 Pohlheim<\/p>\n<p>Telefon:&nbsp; &nbsp; &nbsp; &nbsp;06403-61654<br \/>\nFax:&nbsp;&nbsp;&nbsp;&nbsp;&nbsp;&nbsp;&nbsp;&nbsp;&nbsp;&nbsp;&nbsp;&nbsp;&nbsp;&nbsp;&nbsp; 06403-68531<\/p>\n<p><strong>E-Mail:&nbsp;&nbsp;&nbsp;&nbsp;&nbsp;&nbsp;&nbsp;&nbsp;&nbsp;&nbsp;<\/strong><br \/>\npoststelle6062(at)schule.hessen.de<\/p>\n<p><strong>Homepage:<\/strong>&nbsp;<br \/>\n<a href=\"https:\/\/ars-pohlheim.net\">ars-pohlheim.net<\/a><\/p>\n<p><strong>Instagram:<br \/>\n<\/strong><a href=\"https:\/\/www.instagram.com\/ars_pohlheim\/\" target=\"_blank\" rel=\"noopener\">ars_pohlheim<\/a><strong><br \/>\n<\/strong><\/p>\n<p><strong>Schultr\u00e4ger: <\/strong><br \/>\nLandkreis Gie\u00dfen<\/p>\n<p><strong>Zahlen &amp; Fakten:<\/strong><\/p>\n<ul>\n<li>Sch\u00fclerzahl: 692<\/li>\n<li>Lehrkr\u00e4fte und Schulleitung: 70<\/li>\n<li>3 Sekret\u00e4rinnen<\/li>\n<li>2 Hausmeister<\/li>\n<li>4 Sozialarbeiterinnen und Sozialarbeiter (davon 2,5 Stellen UBUS)<\/li>\n<li>1 Berufsorientierungscoach<\/li>\n<li style=\"text-align: left;\">2 FSJ<\/li>\n<\/ul>\n<p><strong>Schwerpunkte:<\/strong><\/p>\n<ul>\n<li>Umweltschule<\/li>\n<li>Musik und Theater<\/li>\n<li>Digitale Welt<\/li>\n<li>Sport<\/li>\n<li>K\u00fcnstlerische Bildung<\/li>\n<\/ul>\n<p><b>Unterrichtszeiten am Vormittag :&nbsp; &nbsp; &nbsp; &nbsp; &nbsp; &nbsp; &nbsp; &nbsp; &nbsp; &nbsp; &nbsp;&nbsp;<\/b><\/p>\n<ol>\n<li>Stunde&nbsp;&nbsp;&nbsp;&nbsp;&nbsp;&nbsp;&nbsp;&nbsp;&nbsp; 7.45 Uhr bis 8.30 Uhr<\/li>\n<li>Stunde&nbsp;&nbsp;&nbsp;&nbsp;&nbsp;&nbsp;&nbsp;&nbsp;&nbsp; 8.35 Uhr bis 9.20 Uhr<\/li>\n<li>Stunde&nbsp;&nbsp;&nbsp;&nbsp;&nbsp;&nbsp;&nbsp;&nbsp;&nbsp; 9.40 Uhr bis 10.25 Uhr<\/li>\n<li>Stunde&nbsp;&nbsp;&nbsp;&nbsp;&nbsp;&nbsp;&nbsp;&nbsp;&nbsp; 10.25 Uhr bis 11.10 Uhr<\/li>\n<li>Stunde&nbsp;&nbsp;&nbsp;&nbsp;&nbsp;&nbsp;&nbsp;&nbsp;&nbsp; 11.30 Uhr bis 12.15 Uhr<\/li>\n<li>Stunde&nbsp;&nbsp;&nbsp;&nbsp;&nbsp;&nbsp;&nbsp;&nbsp;&nbsp; 12.15 Uhr bis 13.00 Uhr<\/li>\n<\/ol>\n<p><b>Mittagspause mit Mittagessen:<\/b><\/p>\n<p>13. 00 Uhr bis 13.45 Uhr<\/p>\n<p><b>Unterrichtszeiten am Nachmittag<\/b><\/p>\n<p>7. Stunde&nbsp;&nbsp;&nbsp;&nbsp;&nbsp; 13.45 Uhr&nbsp; bis 14.30 Uhr<br \/>\n8. Stunde&nbsp;&nbsp;&nbsp;&nbsp;&nbsp; 14.30 Uhr bis 15.15 Uhr<\/p>\n<p><b>Betreuung<\/b><\/p>\n<p>15.15 Uhr bis 16 Uhr<\/p>\n<p><strong>Einzugsgebiet:<\/strong><\/p>\n<p>Pohlheim, Linden, Langg\u00f6ns, Leihgestern, Gie\u00dfen<\/p>\n<p><strong>\u00c4u\u00dfere Fachleistungsdifferenzierung:<\/strong><\/p>\n<p>ABC\/EG-Differenzierung ab Jg. 7<\/p>\n","protected":false},"excerpt":{"rendered":"<p>Die Adolf-Reichwein-Schule in Pohlheim ist eine schulform\u00fcbergreifende, integrierte Gesamtschule mit Ganztagsangeboten. Die Betreuung erfolgt bis 16 Uhr. Adolf-Reichwein-Schule Pohlheim Fortweg 5 35415 Pohlheim Telefon:&nbsp; &nbsp; &nbsp; &nbsp;06403-61654 Fax:&nbsp;&nbsp;&nbsp;&nbsp;&nbsp;&nbsp;&nbsp;&nbsp;&nbsp;&nbsp;&nbsp;&nbsp;&nbsp;&nbsp;&nbsp; 06403-68531 E-Mail:&nbsp;&nbsp;&nbsp;&nbsp;&nbsp;&nbsp;&nbsp;&nbsp;&nbsp;&nbsp; poststelle6062(at)schule.hessen.de Homepage:&nbsp; ars-pohlheim.net Instagram: ars_pohlheim Schultr\u00e4ger: Landkreis Gie\u00dfen Zahlen &amp; Fakten: Sch\u00fclerzahl: 692 Lehrkr\u00e4fte und Schulleitung: 70 3 Sekret\u00e4rinnen 2 Hausmeister 4 Sozialarbeiterinnen und Sozialarbeiter &hellip; <a href=\"https:\/\/www.ars-pohlheim.net\/?page_id=1819\" class=\"more-link\"><span class=\"screen-reader-text\">ARS auf einen Blick<\/span> weiterlesen <span class=\"meta-nav\">&rarr;<\/span><\/a><\/p>\n","protected":false},"author":1,"featured_media":0,"parent":0,"menu_order":0,"comment_status":"open","ping_status":"open","template":"","meta":{"ngg_post_thumbnail":0},"_links":{"self":[{"href":"https:\/\/www.ars-pohlheim.net\/index.php?rest_route=\/wp\/v2\/pages\/1819"}],"collection":[{"href":"https:\/\/www.ars-pohlheim.net\/index.php?rest_route=\/wp\/v2\/pages"}],"about":[{"href":"https:\/\/www.ars-pohlheim.net\/index.php?rest_route=\/wp\/v2\/types\/page"}],"author":[{"embeddable":true,"href":"https:\/\/www.ars-pohlheim.net\/index.php?rest_route=\/wp\/v2\/users\/1"}],"replies":[{"embeddable":true,"href":"https:\/\/www.ars-pohlheim.net\/index.php?rest_route=%2Fwp%2Fv2%2Fcomments&post=1819"}],"version-history":[{"count":22,"href":"https:\/\/www.ars-pohlheim.net\/index.php?rest_route=\/wp\/v2\/pages\/1819\/revisions"}],"predecessor-version":[{"id":12321,"href":"https:\/\/www.ars-pohlheim.net\/index.php?rest_route=\/wp\/v2\/pages\/1819\/revisions\/12321"}],"wp:attachment":[{"href":"https:\/\/www.ars-pohlheim.net\/index.php?rest_route=%2Fwp%2Fv2%2Fmedia&parent=1819"}],"curies":[{"name":"wp","href":"https:\/\/api.w.org\/{rel}","templated":true}]}}