{"id":1816,"date":"2014-02-27T20:08:52","date_gmt":"2014-02-27T19:08:52","guid":{"rendered":"http:\/\/www.ars-pohlheim.net\/?page_id=1816"},"modified":"2022-11-24T10:05:48","modified_gmt":"2022-11-24T09:05:48","slug":"schulelternbeirat-3","status":"publish","type":"page","link":"https:\/\/www.ars-pohlheim.net\/?page_id=1816","title":{"rendered":"Schulelternbeirat"},"content":{"rendered":"<h5><strong>Vorsitzender:<\/strong><\/h5>\n<p><em>Bj\u00f6rn Feuerbach<\/em><br \/>\nTaunusstra\u00dfe 18<br \/>\n35415 Pohlheim<br \/>\nTel.: 06403-9789999<br \/>\nE-Mail: b_feuerbach@web.de<\/p>\n<hr>\n<h5><strong>Schriftf\u00fchrer:<\/strong><\/h5>\n<p><em>Hannes Roos<\/em><br \/>\nLanggasse 21<br \/>\n35415 Pohlheim<br \/>\nTel.: 06403-9690571<br \/>\nE-Mail: hannes.roos@freenet.de<\/p>\n<hr>\n<h5><strong>Kassenwartin:<\/strong><\/h5>\n<p><em>Karin Pilz<\/em><br \/>\nAussiger Str. 3<br \/>\n35415 Pohlheim<br \/>\nTel.: 06403-96368<br \/>\nE-Mail: karin.pilz@gmx.de<\/p>\n<h5><br clear=\"none\">&nbsp;<a id=\"yui_3_16_0_ym19_1_1506410177087_15082\" href=\"mailto:marten.schaffer@t-online.de\" shape=\"rect\"><\/a><\/h5>\n<p id=\"yui_3_13_0_1_1396670362799_2221\"><span id=\"yui_3_13_0_1_1396670362799_2219\" style=\"font-family: 'Times New Roman';\"><span id=\"yui_3_13_0_1_1396670362799_2222\">&nbsp;<\/span><\/span><\/p>\n<p id=\"yui_3_13_0_1_1396670362799_2132\"><b id=\"yui_3_13_0_1_1396670362799_2131\"><span id=\"yui_3_13_0_1_1396670362799_2129\" style=\"font-family: 'Times New Roman';\"><span id=\"yui_3_13_0_1_1396670362799_2134\">&nbsp;<\/span><\/span><\/b><\/p>\n<p id=\"yui_3_13_0_1_1396670362799_2221\"><span id=\"yui_3_13_0_1_1396670362799_2219\" style=\"font-family: 'Times New Roman';\"><span id=\"yui_3_13_0_1_1396670362799_2222\">&nbsp;<\/span><\/span><\/p>\n","protected":false},"excerpt":{"rendered":"<p>Vorsitzender: Bj\u00f6rn Feuerbach Taunusstra\u00dfe 18 35415 Pohlheim Tel.: 06403-9789999 E-Mail: b_feuerbach@web.de Schriftf\u00fchrer: Hannes Roos Langgasse 21 35415 Pohlheim Tel.: 06403-9690571 E-Mail: hannes.roos@freenet.de Kassenwartin: Karin Pilz Aussiger Str. 3 35415 Pohlheim Tel.: 06403-96368 E-Mail: karin.pilz@gmx.de &nbsp; &nbsp; &nbsp; &nbsp;<\/p>\n","protected":false},"author":1,"featured_media":0,"parent":0,"menu_order":0,"comment_status":"open","ping_status":"open","template":"","meta":{"ngg_post_thumbnail":0},"_links":{"self":[{"href":"https:\/\/www.ars-pohlheim.net\/index.php?rest_route=\/wp\/v2\/pages\/1816"}],"collection":[{"href":"https:\/\/www.ars-pohlheim.net\/index.php?rest_route=\/wp\/v2\/pages"}],"about":[{"href":"https:\/\/www.ars-pohlheim.net\/index.php?rest_route=\/wp\/v2\/types\/page"}],"author":[{"embeddable":true,"href":"https:\/\/www.ars-pohlheim.net\/index.php?rest_route=\/wp\/v2\/users\/1"}],"replies":[{"embeddable":true,"href":"https:\/\/www.ars-pohlheim.net\/index.php?rest_route=%2Fwp%2Fv2%2Fcomments&post=1816"}],"version-history":[{"count":14,"href":"https:\/\/www.ars-pohlheim.net\/index.php?rest_route=\/wp\/v2\/pages\/1816\/revisions"}],"predecessor-version":[{"id":10649,"href":"https:\/\/www.ars-pohlheim.net\/index.php?rest_route=\/wp\/v2\/pages\/1816\/revisions\/10649"}],"wp:attachment":[{"href":"https:\/\/www.ars-pohlheim.net\/index.php?rest_route=%2Fwp%2Fv2%2Fmedia&parent=1816"}],"curies":[{"name":"wp","href":"https:\/\/api.w.org\/{rel}","templated":true}]}}