{"id":15,"date":"2013-02-12T21:23:54","date_gmt":"2013-02-12T19:23:54","guid":{"rendered":"http:\/\/www.ars-pohlheim.net\/?page_id=15"},"modified":"2020-03-28T16:09:37","modified_gmt":"2020-03-28T15:09:37","slug":"schulprogramm","status":"publish","type":"page","link":"https:\/\/www.ars-pohlheim.net\/?page_id=15","title":{"rendered":"Schulprogramm"},"content":{"rendered":"<p>Ein Schule arbeitet auf der Grundlage der gesetzlichen Vorgaben und nach den Vereinbarungen, die sie f\u00fcr sich getroffen hat.&nbsp;Diese Vereinbarungen sind im Schulprogramm festgehalten.<\/p>\n<p>Das Schulprogramm der ARS gliedert sich in <strong><span style=\"color: #0000ff;\">zwei Hauptteile<\/span><\/strong>:<\/p>\n<p>Der erste Teil besteht aus dem <span style=\"color: #0000ff;\"><strong>Leitbild<\/strong> <\/span>der Schule und den hieraus abgeleiteten <strong><span style=\"color: #0000ff;\">Leitzielen<\/span><\/strong> und <span style=\"color: #0000ff;\"><strong>Qualit\u00e4tsstandards<\/strong><\/span>.&nbsp;Im Leitbild ist die grundlegende Zielrichtung der Schule festgelegt. Die Leitziele und Qualit\u00e4tsstandards konkretisieren diese Aussagen.<\/p>\n<p>Im zweiten Teil des Schulprogramms werden die <strong><span style=\"color: #0000ff;\">Vorhaben der Schule<\/span><\/strong> in Form von Projektskizzen beschrieben.<\/p>\n<p>Ein Schulprogramm ist nie fertig, sondern befindet sich immer in der Fortschreibung.<\/p>\n<p>Im Schuljahr 2013\/14 wurden Leitbild und Leitziele \u00fcberarbeitet und von den Schulgremien verabschiedet. Daneben wurden&nbsp;Projektskizzen f\u00fcr Konzepte und Vorhaben erstellt. Die Steuergruppe der ARS erarbeitet Entw\u00fcrfe und Beschlussvorlagen f\u00fcr die Mitbestimmungsgremien der Schule.<\/p>\n<p>Diese Gremien sind:<\/p>\n<ul>\n<li>Schulelternbeirat<\/li>\n<li>Sch\u00fclervertretung (SV)<\/li>\n<li>Gesamtkonferenz der Lehrkr\u00e4fte<\/li>\n<li>Schulkonferenz<\/li>\n<\/ul>\n<p><a href=\"http:\/\/www.ars-pohlheim.net\/wp-content\/uploads\/2013\/02\/Schulprogramm-Leitbild-Okt-14.pdf\">ARS Schulprogramm Leitbild, Leitziele, Qualit\u00e4tsstandards Okt 14<\/a><\/p>\n<p>&nbsp;<\/p>\n<p>&nbsp;<\/p>\n","protected":false},"excerpt":{"rendered":"<p>Ein Schule arbeitet auf der Grundlage der gesetzlichen Vorgaben und nach den Vereinbarungen, die sie f\u00fcr sich getroffen hat.&nbsp;Diese Vereinbarungen sind im Schulprogramm festgehalten. Das Schulprogramm der ARS gliedert sich in zwei Hauptteile: Der erste Teil besteht aus dem Leitbild der Schule und den hieraus abgeleiteten Leitzielen und Qualit\u00e4tsstandards.&nbsp;Im Leitbild ist die grundlegende Zielrichtung der &hellip; <a href=\"https:\/\/www.ars-pohlheim.net\/?page_id=15\" class=\"more-link\"><span class=\"screen-reader-text\">Schulprogramm<\/span> weiterlesen <span class=\"meta-nav\">&rarr;<\/span><\/a><\/p>\n","protected":false},"author":1,"featured_media":0,"parent":0,"menu_order":0,"comment_status":"open","ping_status":"open","template":"","meta":{"ngg_post_thumbnail":0},"_links":{"self":[{"href":"https:\/\/www.ars-pohlheim.net\/index.php?rest_route=\/wp\/v2\/pages\/15"}],"collection":[{"href":"https:\/\/www.ars-pohlheim.net\/index.php?rest_route=\/wp\/v2\/pages"}],"about":[{"href":"https:\/\/www.ars-pohlheim.net\/index.php?rest_route=\/wp\/v2\/types\/page"}],"author":[{"embeddable":true,"href":"https:\/\/www.ars-pohlheim.net\/index.php?rest_route=\/wp\/v2\/users\/1"}],"replies":[{"embeddable":true,"href":"https:\/\/www.ars-pohlheim.net\/index.php?rest_route=%2Fwp%2Fv2%2Fcomments&post=15"}],"version-history":[{"count":8,"href":"https:\/\/www.ars-pohlheim.net\/index.php?rest_route=\/wp\/v2\/pages\/15\/revisions"}],"predecessor-version":[{"id":8046,"href":"https:\/\/www.ars-pohlheim.net\/index.php?rest_route=\/wp\/v2\/pages\/15\/revisions\/8046"}],"wp:attachment":[{"href":"https:\/\/www.ars-pohlheim.net\/index.php?rest_route=%2Fwp%2Fv2%2Fmedia&parent=15"}],"curies":[{"name":"wp","href":"https:\/\/api.w.org\/{rel}","templated":true}]}}