{"id":1420,"date":"2013-11-21T08:50:10","date_gmt":"2013-11-21T07:50:10","guid":{"rendered":"http:\/\/www.ars-pohlheim.net\/?page_id=1420"},"modified":"2026-02-09T17:13:39","modified_gmt":"2026-02-09T16:13:39","slug":"uebergangscoach","status":"publish","type":"page","link":"https:\/\/www.ars-pohlheim.net\/?page_id=1420","title":{"rendered":"BerufsOrientierungsCoach"},"content":{"rendered":"<h4>HALLO,<\/h4>\n<div class=\"page\" title=\"Page 1\">\n<div class=\"section\">\n<div class=\"layoutArea\">\n<div class=\"column\">\n<p><a href=\"http:\/\/www.ars-pohlheim.net\/wp-content\/uploads\/2013\/11\/Bildschirmfoto-2019-08-31-um-07.53.39-1.png\"><img loading=\"lazy\" class=\"alignright wp-image-7369\" src=\"http:\/\/www.ars-pohlheim.net\/wp-content\/uploads\/2013\/11\/Bildschirmfoto-2019-08-31-um-07.53.39-1-197x300.png\" alt=\"\" width=\"172\" height=\"262\" srcset=\"https:\/\/www.ars-pohlheim.net\/wp-content\/uploads\/2013\/11\/Bildschirmfoto-2019-08-31-um-07.53.39-1-197x300.png 197w, https:\/\/www.ars-pohlheim.net\/wp-content\/uploads\/2013\/11\/Bildschirmfoto-2019-08-31-um-07.53.39-1.png 627w\" sizes=\"(max-width: 172px) 100vw, 172px\" \/><\/a><\/p>\n<p>mein Name ist Sabine Schippers. Ich arbeite seit dem 01.09.2016 als Berufs-Orientierungs-Coach an der Adolf- Reichwein-Schule in Pohlheim. Angestellt bin ich beim Zentrum f\u00fcr Arbeit und Umwelt gGmbH Gie\u00dfen (ZAUG) und arbeite im Rahmen der Initiative \u201eKeiner geht verloren\u201c des Landkreises Gie\u00dfen, gef\u00f6rdert aus den Mitteln des Hessischen Ministeriums f\u00fcr Soziales und Integration, aus den Mitteln des Landkreises Gie\u00dfen sowie durch die Agentur f\u00fcr Arbeit Gie\u00dfen.<\/p>\n<p>&nbsp;<\/p>\n<p>ZIEL MEINER ARBEIT IST ES,<\/p>\n<p>Sch\u00fcler der Klassen 9-10 beim \u00dcbergang von der Schule in den Beruf zu unterst\u00fctzen, mit ihnen St\u00e4rken und Interessen zu entdecken und an Hindernissen zu arbeiten, die der erfolgreichen Integration in den Ausbildungs- und Arbeitsmarkt entgegen- stehen. Beratung und Begleitung, die zum gro\u00dfen Teil in Einzelgespr\u00e4chen und kleinen Gruppen geschieht.<\/p>\n<p>&nbsp;<\/p>\n<p><a href=\"http:\/\/www.ars-pohlheim.net\/wp-content\/uploads\/2013\/11\/Bildschirmfoto-2019-08-31-um-07.54.02.png\"><img loading=\"lazy\" class=\"wp-image-7366 aligncenter\" src=\"http:\/\/www.ars-pohlheim.net\/wp-content\/uploads\/2013\/11\/Bildschirmfoto-2019-08-31-um-07.54.02-300x207.png\" alt=\"\" width=\"457\" height=\"315\" srcset=\"https:\/\/www.ars-pohlheim.net\/wp-content\/uploads\/2013\/11\/Bildschirmfoto-2019-08-31-um-07.54.02-300x207.png 300w, https:\/\/www.ars-pohlheim.net\/wp-content\/uploads\/2013\/11\/Bildschirmfoto-2019-08-31-um-07.54.02-768x530.png 768w, https:\/\/www.ars-pohlheim.net\/wp-content\/uploads\/2013\/11\/Bildschirmfoto-2019-08-31-um-07.54.02-1024x707.png 1024w\" sizes=\"(max-width: 457px) 100vw, 457px\" \/><\/a><\/p>\n<p>&nbsp;<\/p>\n<p>SCH\u00dcLER ERHALTEN DADURCH DIE M\u00d6GLICHKEIT<\/p>\n<ul>\n<li>der Begleitung und Unterst\u00fctzung im Berufsfindungsprozess<\/li>\n<li>der Hilfe bei der Praktikumssuche und Auswertung der gesammelten Erfahrungen<\/li>\n<li>der Hilfe bei der Suche von Ausbildungspl\u00e4tzen<\/li>\n<li>der Unterst\u00fctzung bei der Bewerbung<\/li>\n<li>der Vorbereitung von Vorstellungsgespr\u00e4chen<\/li>\n<li>von einer engen Zusammenarbeit mit Schulleitung, Sozialarbeiter, Eltern und Agentur f\u00fcr Arbeit zu profitieren. Mein Wunsch ist es mit vielen Ausbildungs- und Praktikums- betrieben Kontakt aufzubauen, um eine gute Vernetzung zu erreichen. Auch f\u00fcr Gespr\u00e4che mit den Eltern stehe ich gern zur Verf\u00fcgung. Pers\u00f6nlich bin ich von Dienstag bis Freitag an der Adolf-Reichwein-Schule zu erreichen. Sie k\u00f6nnen mich aber auch gern telefonisch oder via Mail kontaktieren.Ich freue mich auf eine gute Zusammenarbeit<br \/>\n<hr>\n<p><img loading=\"lazy\" class=\"wp-image-12465 aligncenter\" src=\"http:\/\/www.ars-pohlheim.net\/wp-content\/uploads\/2026\/01\/Kontaktdaten-Sabine-Schippers-300x184.png\" alt=\"\" width=\"418\" height=\"256\" srcset=\"https:\/\/www.ars-pohlheim.net\/wp-content\/uploads\/2026\/01\/Kontaktdaten-Sabine-Schippers-300x184.png 300w, https:\/\/www.ars-pohlheim.net\/wp-content\/uploads\/2026\/01\/Kontaktdaten-Sabine-Schippers.png 368w\" sizes=\"(max-width: 418px) 100vw, 418px\" \/><\/li>\n<\/ul>\n<\/div>\n<\/div>\n<\/div>\n<\/div>\n<h3>&nbsp;<\/h3>\n<p>&nbsp;<\/p>\n<p>&nbsp;<\/p>\n","protected":false},"excerpt":{"rendered":"<p>HALLO, mein Name ist Sabine Schippers. Ich arbeite seit dem 01.09.2016 als Berufs-Orientierungs-Coach an der Adolf- Reichwein-Schule in Pohlheim. Angestellt bin ich beim Zentrum f\u00fcr Arbeit und Umwelt gGmbH Gie\u00dfen (ZAUG) und arbeite im Rahmen der Initiative \u201eKeiner geht verloren\u201c des Landkreises Gie\u00dfen, gef\u00f6rdert aus den Mitteln des Hessischen Ministeriums f\u00fcr Soziales und Integration, aus &hellip; <a href=\"https:\/\/www.ars-pohlheim.net\/?page_id=1420\" class=\"more-link\"><span class=\"screen-reader-text\">BerufsOrientierungsCoach<\/span> weiterlesen <span class=\"meta-nav\">&rarr;<\/span><\/a><\/p>\n","protected":false},"author":1,"featured_media":0,"parent":0,"menu_order":0,"comment_status":"open","ping_status":"open","template":"","meta":{"ngg_post_thumbnail":0},"_links":{"self":[{"href":"https:\/\/www.ars-pohlheim.net\/index.php?rest_route=\/wp\/v2\/pages\/1420"}],"collection":[{"href":"https:\/\/www.ars-pohlheim.net\/index.php?rest_route=\/wp\/v2\/pages"}],"about":[{"href":"https:\/\/www.ars-pohlheim.net\/index.php?rest_route=\/wp\/v2\/types\/page"}],"author":[{"embeddable":true,"href":"https:\/\/www.ars-pohlheim.net\/index.php?rest_route=\/wp\/v2\/users\/1"}],"replies":[{"embeddable":true,"href":"https:\/\/www.ars-pohlheim.net\/index.php?rest_route=%2Fwp%2Fv2%2Fcomments&post=1420"}],"version-history":[{"count":19,"href":"https:\/\/www.ars-pohlheim.net\/index.php?rest_route=\/wp\/v2\/pages\/1420\/revisions"}],"predecessor-version":[{"id":12480,"href":"https:\/\/www.ars-pohlheim.net\/index.php?rest_route=\/wp\/v2\/pages\/1420\/revisions\/12480"}],"wp:attachment":[{"href":"https:\/\/www.ars-pohlheim.net\/index.php?rest_route=%2Fwp%2Fv2%2Fmedia&parent=1420"}],"curies":[{"name":"wp","href":"https:\/\/api.w.org\/{rel}","templated":true}]}}