{"id":133,"date":"2013-07-11T11:59:20","date_gmt":"2013-07-11T09:59:20","guid":{"rendered":"http:\/\/www.ars-pohlheim.net\/?page_id=133"},"modified":"2025-09-17T09:05:24","modified_gmt":"2025-09-17T07:05:24","slug":"mediathek","status":"publish","type":"page","link":"https:\/\/www.ars-pohlheim.net\/?page_id=133","title":{"rendered":"Mediathek"},"content":{"rendered":"\n<p>Die \u00d6ffnungszeiten der Mediathek der ARS sind:<\/p>\n\n\n\n<div class=\"wp-block-image\"><figure class=\"aligncenter size-large is-resized\"><img loading=\"lazy\" src=\"https:\/\/www.ars-pohlheim.net\/wp-content\/uploads\/2025\/09\/Oeffnungszeiten-Mediathek-1024x601.jpg\" alt=\"\" class=\"wp-image-12263\" width=\"604\" height=\"354\" srcset=\"https:\/\/www.ars-pohlheim.net\/wp-content\/uploads\/2025\/09\/Oeffnungszeiten-Mediathek-1024x601.jpg 1024w, https:\/\/www.ars-pohlheim.net\/wp-content\/uploads\/2025\/09\/Oeffnungszeiten-Mediathek-300x176.jpg 300w, https:\/\/www.ars-pohlheim.net\/wp-content\/uploads\/2025\/09\/Oeffnungszeiten-Mediathek-768x451.jpg 768w, https:\/\/www.ars-pohlheim.net\/wp-content\/uploads\/2025\/09\/Oeffnungszeiten-Mediathek.jpg 1252w\" sizes=\"(max-width: 604px) 100vw, 604px\" \/><\/figure><\/div>\n\n\n\n<p>Die Mediathek wird von Frau Klein\u00a0betreut und verwaltet.<br>Diese Stelle wurde vom Landkreis Gie\u00dfen in Zusammenarbeit mit der GIAG (und mit Unterst\u00fctzung der ZAUG) geschaffen.<\/p>\n\n\n\n<p>In unserer Mediathek k\u00f6nnen nicht nur B\u00fccher gelesen und ausgeliehen werden. Auch mehrere Computer mit Internetzugang f\u00fcr die Online-Recherche stehen den kleinen und gro\u00dfen Nutzern zur Verf\u00fcgung.<\/p>\n\n\n\n<p>Da die Mediathek dar\u00fcber hinaus mit einem modernen Aktivboard ausgestattet ist, findet hier nicht selten auch Unterricht statt.<\/p>\n","protected":false},"excerpt":{"rendered":"<p>Die \u00d6ffnungszeiten der Mediathek der ARS sind: Die Mediathek wird von Frau Klein\u00a0betreut und verwaltet.Diese Stelle wurde vom Landkreis Gie\u00dfen in Zusammenarbeit mit der GIAG (und mit Unterst\u00fctzung der ZAUG) geschaffen. In unserer Mediathek k\u00f6nnen nicht nur B\u00fccher gelesen und ausgeliehen werden. Auch mehrere Computer mit Internetzugang f\u00fcr die Online-Recherche stehen den kleinen und gro\u00dfen &hellip; <a href=\"https:\/\/www.ars-pohlheim.net\/?page_id=133\" class=\"more-link\"><span class=\"screen-reader-text\">Mediathek<\/span> weiterlesen <span class=\"meta-nav\">&rarr;<\/span><\/a><\/p>\n","protected":false},"author":1,"featured_media":0,"parent":0,"menu_order":0,"comment_status":"open","ping_status":"open","template":"","meta":{"ngg_post_thumbnail":0},"_links":{"self":[{"href":"https:\/\/www.ars-pohlheim.net\/index.php?rest_route=\/wp\/v2\/pages\/133"}],"collection":[{"href":"https:\/\/www.ars-pohlheim.net\/index.php?rest_route=\/wp\/v2\/pages"}],"about":[{"href":"https:\/\/www.ars-pohlheim.net\/index.php?rest_route=\/wp\/v2\/types\/page"}],"author":[{"embeddable":true,"href":"https:\/\/www.ars-pohlheim.net\/index.php?rest_route=\/wp\/v2\/users\/1"}],"replies":[{"embeddable":true,"href":"https:\/\/www.ars-pohlheim.net\/index.php?rest_route=%2Fwp%2Fv2%2Fcomments&post=133"}],"version-history":[{"count":15,"href":"https:\/\/www.ars-pohlheim.net\/index.php?rest_route=\/wp\/v2\/pages\/133\/revisions"}],"predecessor-version":[{"id":12266,"href":"https:\/\/www.ars-pohlheim.net\/index.php?rest_route=\/wp\/v2\/pages\/133\/revisions\/12266"}],"wp:attachment":[{"href":"https:\/\/www.ars-pohlheim.net\/index.php?rest_route=%2Fwp%2Fv2%2Fmedia&parent=133"}],"curies":[{"name":"wp","href":"https:\/\/api.w.org\/{rel}","templated":true}]}}