{"id":12276,"date":"2025-09-17T11:57:15","date_gmt":"2025-09-17T09:57:15","guid":{"rendered":"https:\/\/www.ars-pohlheim.net\/?page_id=12276"},"modified":"2025-09-17T12:04:43","modified_gmt":"2025-09-17T10:04:43","slug":"schwerpunkt-digitale-welt","status":"publish","type":"page","link":"https:\/\/www.ars-pohlheim.net\/?page_id=12276","title":{"rendered":"Digitale Welt"},"content":{"rendered":"\n<p><strong>Entdecke den Schwerpunkt \u201eDigitale Welt\u201c<\/strong><br><br>Mit dem Schwerpunkt \u201eDigitale Welt\u201c bietet unsere Schule ein zukunftsorientiertes und praxisnahes Unterrichtsangebot, das die Sch\u00fclerinnen und Sch\u00fcler optimal auf die Herausforderungen einer zunehmend digitalisierten Welt vorbereitet. Nach einer erfolgreichen Pilotphase ist das Fach nun Teil eines erweiterten Schulversuchs und wird in den Jahrgangsstufen 5 und 6 hessenweit an weiterf\u00fchrenden Schulen angeboten.<\/p>\n\n\n\n<p>Im Mittelpunkt steht das Lernen durch praktisches Tun: Die Sch\u00fclerinnen und Sch\u00fcler erarbeiten konkrete Aufgabenstellungen und erwerben dabei wichtige informatische Grundkenntnisse. Sie lernen, wie Algorithmen funktionieren, machen erste Erfahrungen im Programmieren und setzen sich intensiv mit aktuellen Themen wie Datenschutz, Cyberkriminalit\u00e4t und dem verantwortungsvollen Umgang mit digitalen Medien auseinander.<\/p>\n\n\n\n<p>Das Fach \u201eDigitale Welt\u201c nutzt das interdisziplin\u00e4re Potenzial der MINT-F\u00e4cher (Mathematik, Informatik, Naturwissenschaften und Technik) und f\u00f6rdert ein vernetztes Denken \u00fcber Fachgrenzen hinweg. Ziel ist es, gemeinsam kreative und tragf\u00e4hige L\u00f6sungen f\u00fcr reale, lebensnahe Problemstellungen zu entwickeln \u2013 und so einen aktiven Beitrag zur nachhaltigen Gestaltung unserer Gesellschaft zu leisten.<\/p>\n","protected":false},"excerpt":{"rendered":"<p>Entdecke den Schwerpunkt \u201eDigitale Welt\u201c Mit dem Schwerpunkt \u201eDigitale Welt\u201c bietet unsere Schule ein zukunftsorientiertes und praxisnahes Unterrichtsangebot, das die Sch\u00fclerinnen und Sch\u00fcler optimal auf die Herausforderungen einer zunehmend digitalisierten Welt vorbereitet. Nach einer erfolgreichen Pilotphase ist das Fach nun Teil eines erweiterten Schulversuchs und wird in den Jahrgangsstufen 5 und 6 hessenweit an weiterf\u00fchrenden &hellip; <a href=\"https:\/\/www.ars-pohlheim.net\/?page_id=12276\" class=\"more-link\"><span class=\"screen-reader-text\">Digitale Welt<\/span> weiterlesen <span class=\"meta-nav\">&rarr;<\/span><\/a><\/p>\n","protected":false},"author":15,"featured_media":0,"parent":0,"menu_order":0,"comment_status":"closed","ping_status":"closed","template":"","meta":{"ngg_post_thumbnail":0},"_links":{"self":[{"href":"https:\/\/www.ars-pohlheim.net\/index.php?rest_route=\/wp\/v2\/pages\/12276"}],"collection":[{"href":"https:\/\/www.ars-pohlheim.net\/index.php?rest_route=\/wp\/v2\/pages"}],"about":[{"href":"https:\/\/www.ars-pohlheim.net\/index.php?rest_route=\/wp\/v2\/types\/page"}],"author":[{"embeddable":true,"href":"https:\/\/www.ars-pohlheim.net\/index.php?rest_route=\/wp\/v2\/users\/15"}],"replies":[{"embeddable":true,"href":"https:\/\/www.ars-pohlheim.net\/index.php?rest_route=%2Fwp%2Fv2%2Fcomments&post=12276"}],"version-history":[{"count":2,"href":"https:\/\/www.ars-pohlheim.net\/index.php?rest_route=\/wp\/v2\/pages\/12276\/revisions"}],"predecessor-version":[{"id":12290,"href":"https:\/\/www.ars-pohlheim.net\/index.php?rest_route=\/wp\/v2\/pages\/12276\/revisions\/12290"}],"wp:attachment":[{"href":"https:\/\/www.ars-pohlheim.net\/index.php?rest_route=%2Fwp%2Fv2%2Fmedia&parent=12276"}],"curies":[{"name":"wp","href":"https:\/\/api.w.org\/{rel}","templated":true}]}}