{"id":12209,"date":"2025-09-16T14:06:10","date_gmt":"2025-09-16T12:06:10","guid":{"rendered":"https:\/\/www.ars-pohlheim.net\/?page_id=12209"},"modified":"2025-09-18T13:18:28","modified_gmt":"2025-09-18T11:18:28","slug":"bewegung-begegnung-und-begeisterung-unser-sporttag-fuer-alle-jahrgaenge","status":"publish","type":"page","link":"https:\/\/www.ars-pohlheim.net\/?page_id=12209","title":{"rendered":"Bewegung, Begegnung und Begeisterung \u2013 Unsere Sporttage f\u00fcr alle Jahrg\u00e4nge"},"content":{"rendered":"\n<p>Ein sportliches Highlight im Schuljahr sind die j\u00e4hrlich vom Fachbereich Sport organisierten&nbsp;<strong>Sporttage<\/strong>, die allen Jahrg\u00e4ngen eine besondere Gelegenheit bieten, sich au\u00dferhalb des regul\u00e4ren Unterrichts gemeinsam zu bewegen, Neues auszuprobieren und als Gruppe zusammenzuwachsen.<\/p>\n\n\n\n<p><strong>Individuell abgestimmt auf die Jahrg\u00e4nge<\/strong>&nbsp;finden folgende Sportaktionen statt:<\/p>\n\n\n\n<ul><li><strong>Jahrgang 5\/6<\/strong>:&nbsp;<em>Sporttag Fu\u00dfball<\/em>&nbsp;\u2013 Im Team den Ball ins Rollen bringen, Teamgeist erleben und gemeinsam Fairplay leben.<\/li><li><strong>Jahrgang 7\/8<\/strong>:&nbsp;<em>Sporttag im Schwimmbad<\/em>&nbsp;\u2013 Bewegung im Wasser, spielerische Wettk\u00e4mpfe und gemeinsames Erleben im nassen Element stehen im Mittelpunkt.<\/li><li><strong>Jahrgang 9\/10<\/strong>: Die Inhalte des Sporttags werden gemeinsam mit den Sch\u00fclerinnen und Sch\u00fclern geplant und gestaltet \u2013 so k\u00f6nnen Interessen, Ideen und W\u00fcnsche direkt einflie\u00dfen.<\/li><\/ul>\n\n\n\n<p>Der&nbsp;<strong>jahrgangs\u00fcbergreifende Charakter<\/strong>&nbsp;der Sporttage erm\u00f6glicht Begegnungen \u00fcber Klassengrenzen hinweg und schafft ein gemeinsames Erlebnis, das st\u00e4rkt und verbindet. Dabei verfolgen die Sporttage verschiedene p\u00e4dagogische Ziele:<\/p>\n\n\n\n<ul><li>F\u00f6rderung von&nbsp;<strong>Bewegungsfreude<\/strong>&nbsp;und&nbsp;<strong>Gesundheitsbewusstsein<\/strong><\/li><li>St\u00e4rkung von&nbsp;<strong>Teamf\u00e4higkeit<\/strong>,&nbsp;<strong>Fairness<\/strong>&nbsp;und&nbsp;<strong>sozialem Miteinander<\/strong><\/li><li>Erm\u00f6glichung von&nbsp;<strong>neuen Bewegungserfahrungen<\/strong>&nbsp;au\u00dferhalb des Sportunterrichts<\/li><li>Aufbau eines&nbsp;<strong>Wir-Gef\u00fchls<\/strong>&nbsp;innerhalb und zwischen den Jahrg\u00e4ngen<\/li><li>F\u00f6rderung von&nbsp;<strong>Selbstvertrauen<\/strong>,&nbsp;<strong>Kooperationsbereitschaft<\/strong>&nbsp;und&nbsp;<strong>Verantwortungs\u00fcbernahme<\/strong><\/li><\/ul>\n\n\n\n<p>Unser Sporttag ist mehr als nur Bewegung \u2013 er ist ein fester Bestandteil unseres Schullebens, der sportliche Aktivit\u00e4t, Gemeinschaft und Spa\u00df miteinander verbindet.<\/p>\n","protected":false},"excerpt":{"rendered":"<p>Ein sportliches Highlight im Schuljahr sind die j\u00e4hrlich vom Fachbereich Sport organisierten&nbsp;Sporttage, die allen Jahrg\u00e4ngen eine besondere Gelegenheit bieten, sich au\u00dferhalb des regul\u00e4ren Unterrichts gemeinsam zu bewegen, Neues auszuprobieren und als Gruppe zusammenzuwachsen. Individuell abgestimmt auf die Jahrg\u00e4nge&nbsp;finden folgende Sportaktionen statt: Jahrgang 5\/6:&nbsp;Sporttag Fu\u00dfball&nbsp;\u2013 Im Team den Ball ins Rollen bringen, Teamgeist erleben und gemeinsam &hellip; <a href=\"https:\/\/www.ars-pohlheim.net\/?page_id=12209\" class=\"more-link\"><span class=\"screen-reader-text\">Bewegung, Begegnung und Begeisterung \u2013 Unsere Sporttage f\u00fcr alle Jahrg\u00e4nge<\/span> weiterlesen <span class=\"meta-nav\">&rarr;<\/span><\/a><\/p>\n","protected":false},"author":15,"featured_media":0,"parent":0,"menu_order":0,"comment_status":"closed","ping_status":"closed","template":"","meta":{"ngg_post_thumbnail":0},"_links":{"self":[{"href":"https:\/\/www.ars-pohlheim.net\/index.php?rest_route=\/wp\/v2\/pages\/12209"}],"collection":[{"href":"https:\/\/www.ars-pohlheim.net\/index.php?rest_route=\/wp\/v2\/pages"}],"about":[{"href":"https:\/\/www.ars-pohlheim.net\/index.php?rest_route=\/wp\/v2\/types\/page"}],"author":[{"embeddable":true,"href":"https:\/\/www.ars-pohlheim.net\/index.php?rest_route=\/wp\/v2\/users\/15"}],"replies":[{"embeddable":true,"href":"https:\/\/www.ars-pohlheim.net\/index.php?rest_route=%2Fwp%2Fv2%2Fcomments&post=12209"}],"version-history":[{"count":3,"href":"https:\/\/www.ars-pohlheim.net\/index.php?rest_route=\/wp\/v2\/pages\/12209\/revisions"}],"predecessor-version":[{"id":12330,"href":"https:\/\/www.ars-pohlheim.net\/index.php?rest_route=\/wp\/v2\/pages\/12209\/revisions\/12330"}],"wp:attachment":[{"href":"https:\/\/www.ars-pohlheim.net\/index.php?rest_route=%2Fwp%2Fv2%2Fmedia&parent=12209"}],"curies":[{"name":"wp","href":"https:\/\/api.w.org\/{rel}","templated":true}]}}